{"id":1526,"date":"2023-11-09T12:59:55","date_gmt":"2023-11-09T11:59:55","guid":{"rendered":"https:\/\/www.abbotasabogados.com\/?page_id=1526"},"modified":"2023-11-09T13:07:11","modified_gmt":"2023-11-09T12:07:11","slug":"le-droit-civil-11","status":"publish","type":"page","link":"https:\/\/www.abbotasabogados.com\/fr\/responsabilidadpatrimonial\/","title":{"rendered":"Responsabilit\u00e9 patrimoniale"},"content":{"rendered":"<div data-elementor-type=\"wp-page\" data-elementor-id=\"1526\" class=\"elementor elementor-1526\" data-elementor-post-type=\"page\">\n\t\t\t\t\t\t<section class=\"elementor-section elementor-top-section elementor-element elementor-element-55d4d01 elementor-section-boxed elementor-section-height-default elementor-section-height-default\" data-id=\"55d4d01\" data-element_type=\"section\" data-e-type=\"section\">\n\t\t\t\t\t\t<div class=\"elementor-container elementor-column-gap-no\">\n\t\t\t\t\t<div class=\"elementor-column elementor-col-50 elementor-top-column elementor-element elementor-element-a3ef011\" data-id=\"a3ef011\" data-element_type=\"column\" data-e-type=\"column\">\n\t\t\t<div class=\"elementor-widget-wrap elementor-element-populated\">\n\t\t\t\t\t\t<div class=\"elementor-element elementor-element-038b264 elementor-view-framed elementor-shape-circle elementor-position-block-start elementor-mobile-position-block-start elementor-widget elementor-widget-icon-box\" data-id=\"038b264\" data-element_type=\"widget\" data-e-type=\"widget\" data-widget_type=\"icon-box.default\">\n\t\t\t\t<div class=\"elementor-widget-container\">\n\t\t\t\t\t\t\t<div class=\"elementor-icon-box-wrapper\">\n\n\t\t\t\t\t\t<div class=\"elementor-icon-box-icon\">\n\t\t\t\t<span  class=\"elementor-icon\">\n\t\t\t\t<i aria-hidden=\"true\" class=\"fas fa-house-damage\"><\/i>\t\t\t\t<\/span>\n\t\t\t<\/div>\n\t\t\t\n\t\t\t\t\t\t<div class=\"elementor-icon-box-content\">\n\n\t\t\t\t\t\t\t\t\t<h2 class=\"elementor-icon-box-title\">\n\t\t\t\t\t\t<span  >\n\t\t\t\t\t\t\tResponsabilit\u00e9 patrimoniale\t\t\t\t\t\t<\/span>\n\t\t\t\t\t<\/h2>\n\t\t\t\t\n\t\t\t\t\t\t\t\t\t<p class=\"elementor-icon-box-description\">\n\t\t\t\t\t\tDemande d&#039;indemnisation pour responsabilit\u00e9 financi\u00e8re de l&#039;Administration : Chutes ou autres accidents sur la voie publique \/ D\u00e9c\u00e8s en prison \/ entre autres.\t\t\t\t\t<\/p>\n\t\t\t\t\n\t\t\t<\/div>\n\t\t\t\n\t\t<\/div>\n\t\t\t\t\t\t<\/div>\n\t\t\t\t<\/div>\n\t\t\t\t\t<\/div>\n\t\t<\/div>\n\t\t\t\t<div class=\"elementor-column elementor-col-50 elementor-top-column elementor-element elementor-element-80f3f59\" data-id=\"80f3f59\" data-element_type=\"column\" data-e-type=\"column\">\n\t\t\t<div class=\"elementor-widget-wrap elementor-element-populated\">\n\t\t\t\t\t\t<div class=\"elementor-element elementor-element-83514ad elementor-widget elementor-widget-image\" data-id=\"83514ad\" data-element_type=\"widget\" data-e-type=\"widget\" data-widget_type=\"image.default\">\n\t\t\t\t<div class=\"elementor-widget-container\">\n\t\t\t\t\t\t\t\t\t\t\t\t\t\t\t<img fetchpriority=\"high\" decoding=\"async\" width=\"800\" height=\"351\" src=\"https:\/\/www.abbotasabogados.com\/wp-content\/uploads\/2023\/09\/abbotasabogados-0039-1024x449.jpeg\" class=\"attachment-large size-large wp-image-1140\" alt=\"\" srcset=\"https:\/\/www.abbotasabogados.com\/wp-content\/uploads\/2023\/09\/abbotasabogados-0039-1024x449.jpeg 1024w, https:\/\/www.abbotasabogados.com\/wp-content\/uploads\/2023\/09\/abbotasabogados-0039-300x132.jpeg 300w, https:\/\/www.abbotasabogados.com\/wp-content\/uploads\/2023\/09\/abbotasabogados-0039-768x337.jpeg 768w, https:\/\/www.abbotasabogados.com\/wp-content\/uploads\/2023\/09\/abbotasabogados-0039-1536x674.jpeg 1536w, https:\/\/www.abbotasabogados.com\/wp-content\/uploads\/2023\/09\/abbotasabogados-0039-18x8.jpeg 18w, https:\/\/www.abbotasabogados.com\/wp-content\/uploads\/2023\/09\/abbotasabogados-0039.jpeg 1920w\" sizes=\"(max-width: 800px) 100vw, 800px\" \/>\t\t\t\t\t\t\t\t\t\t\t\t\t\t\t<\/div>\n\t\t\t\t<\/div>\n\t\t\t\t\t<\/div>\n\t\t<\/div>\n\t\t\t\t\t<\/div>\n\t\t<\/section>\n\t\t\t\t<section class=\"elementor-section elementor-top-section elementor-element elementor-element-c58dcf0 elementor-section-boxed elementor-section-height-default elementor-section-height-default\" data-id=\"c58dcf0\" data-element_type=\"section\" data-e-type=\"section\">\n\t\t\t\t\t\t<div class=\"elementor-container elementor-column-gap-default\">\n\t\t\t\t\t<div class=\"elementor-column elementor-col-100 elementor-top-column elementor-element elementor-element-6cf99ca\" data-id=\"6cf99ca\" data-element_type=\"column\" data-e-type=\"column\">\n\t\t\t<div class=\"elementor-widget-wrap elementor-element-populated\">\n\t\t\t\t\t\t<div class=\"elementor-element elementor-element-ae835a9 elementor-align-center elementor-widget elementor-widget-button\" data-id=\"ae835a9\" data-element_type=\"widget\" data-e-type=\"widget\" roll=\"buttom\" data-widget_type=\"button.default\">\n\t\t\t\t<div class=\"elementor-widget-container\">\n\t\t\t\t\t\t\t\t\t<div class=\"elementor-button-wrapper\">\n\t\t\t\t\t<a class=\"elementor-button elementor-button-link elementor-size-lg\" href=\"https:\/\/www.abbotasabogados.com\/fr\/contacto\/\">\n\t\t\t\t\t\t<span class=\"elementor-button-content-wrapper\">\n\t\t\t\t\t\t\t\t\t<span class=\"elementor-button-text\">Plus d&#039;informations...<\/span>\n\t\t\t\t\t<\/span>\n\t\t\t\t\t<\/a>\n\t\t\t\t<\/div>\n\t\t\t\t\t\t\t\t<\/div>\n\t\t\t\t<\/div>\n\t\t\t\t\t<\/div>\n\t\t<\/div>\n\t\t\t\t\t<\/div>\n\t\t<\/section>\n\t\t\t\t<\/div>","protected":false},"excerpt":{"rendered":"<p>Responsabilidad patrimonial Reclamaci\u00f3n de indemnizaciones por responsabilidad patrimonial de la Administraci\u00f3n: Ca\u00eddas u otros accidentes en la v\u00eda p\u00fablica \/ Fallecimiento en prisi\u00f3n \/ entre otros. M\u00e1s informaci\u00f3n&#8230;<\/p>","protected":false},"author":4,"featured_media":1157,"parent":0,"menu_order":3,"comment_status":"closed","ping_status":"closed","template":"","meta":{"_joinchat":[],"footnotes":""},"class_list":["post-1526","page","type-page","status-publish","has-post-thumbnail","hentry"],"yoast_head":"<!-- This site is optimized with the Yoast SEO plugin v27.4 - https:\/\/yoast.com\/product\/yoast-seo-wordpress\/ -->\n<title>Responsabilidad patrimonial | AB Botas Abogados<\/title>\n<meta name=\"description\" content=\"AB Botas Abogados, tu despacho de abogados en Oviedo, te ofrece servicios legales especializados en una variedad de \u00e1reas, incluyendo derecho civil, derecho de familia, bancario, tarjetas revolving, hipoteca multidivisa....\" \/>\n<meta name=\"robots\" content=\"index, follow, max-snippet:-1, max-image-preview:large, max-video-preview:-1\" \/>\n<link rel=\"canonical\" href=\"https:\/\/www.abbotasabogados.com\/fr\/le-droit-civil-11\/\" \/>\n<meta property=\"og:locale\" content=\"fr_FR\" \/>\n<meta property=\"og:type\" content=\"article\" \/>\n<meta property=\"og:title\" content=\"Responsabilidad patrimonial | AB Botas Abogados\" \/>\n<meta property=\"og:description\" content=\"AB Botas Abogados, tu despacho de abogados en Oviedo, te ofrece servicios legales especializados en una variedad de \u00e1reas, incluyendo derecho civil, derecho de familia, bancario, tarjetas revolving, hipoteca multidivisa....\" \/>\n<meta property=\"og:url\" content=\"https:\/\/www.abbotasabogados.com\/fr\/le-droit-civil-11\/\" \/>\n<meta property=\"og:site_name\" content=\"AB Botas Abogados\" \/>\n<meta property=\"article:modified_time\" content=\"2023-11-09T12:07:11+00:00\" \/>\n<meta property=\"og:image\" content=\"https:\/\/www.abbotasabogados.com\/wp-content\/uploads\/2023\/09\/abbotasabogados-0056.jpeg\" \/>\n\t<meta property=\"og:image:width\" content=\"1920\" \/>\n\t<meta property=\"og:image:height\" content=\"1280\" \/>\n\t<meta property=\"og:image:type\" content=\"image\/jpeg\" \/>\n<meta name=\"twitter:card\" content=\"summary_large_image\" \/>\n<script type=\"application\/ld+json\" class=\"yoast-schema-graph\">{\"@context\":\"https:\\\/\\\/schema.org\",\"@graph\":[{\"@type\":\"WebPage\",\"@id\":\"https:\\\/\\\/www.abbotasabogados.com\\\/responsabilidadpatrimonial\\\/\",\"url\":\"https:\\\/\\\/www.abbotasabogados.com\\\/responsabilidadpatrimonial\\\/\",\"name\":\"Responsabilidad patrimonial | AB Botas Abogados\",\"isPartOf\":{\"@id\":\"https:\\\/\\\/www.abbotasabogados.com\\\/#website\"},\"primaryImageOfPage\":{\"@id\":\"https:\\\/\\\/www.abbotasabogados.com\\\/responsabilidadpatrimonial\\\/#primaryimage\"},\"image\":{\"@id\":\"https:\\\/\\\/www.abbotasabogados.com\\\/responsabilidadpatrimonial\\\/#primaryimage\"},\"thumbnailUrl\":\"https:\\\/\\\/www.abbotasabogados.com\\\/wp-content\\\/uploads\\\/2023\\\/09\\\/abbotasabogados-0056.jpeg\",\"datePublished\":\"2023-11-09T11:59:55+00:00\",\"dateModified\":\"2023-11-09T12:07:11+00:00\",\"description\":\"AB Botas Abogados, tu despacho de abogados en Oviedo, te ofrece servicios legales especializados en una variedad de \u00e1reas, incluyendo derecho civil, derecho de familia, bancario, tarjetas revolving, hipoteca multidivisa....\",\"breadcrumb\":{\"@id\":\"https:\\\/\\\/www.abbotasabogados.com\\\/responsabilidadpatrimonial\\\/#breadcrumb\"},\"inLanguage\":\"fr-FR\",\"potentialAction\":[{\"@type\":\"ReadAction\",\"target\":[\"https:\\\/\\\/www.abbotasabogados.com\\\/responsabilidadpatrimonial\\\/\"]}]},{\"@type\":\"ImageObject\",\"inLanguage\":\"fr-FR\",\"@id\":\"https:\\\/\\\/www.abbotasabogados.com\\\/responsabilidadpatrimonial\\\/#primaryimage\",\"url\":\"https:\\\/\\\/www.abbotasabogados.com\\\/wp-content\\\/uploads\\\/2023\\\/09\\\/abbotasabogados-0056.jpeg\",\"contentUrl\":\"https:\\\/\\\/www.abbotasabogados.com\\\/wp-content\\\/uploads\\\/2023\\\/09\\\/abbotasabogados-0056.jpeg\",\"width\":1920,\"height\":1280,\"caption\":\"Meeting and greeting concept, Two confident Business handshake and business people after discussing good deal of Trading contract and new projects for both companies, success, partnership, co worker.\"},{\"@type\":\"BreadcrumbList\",\"@id\":\"https:\\\/\\\/www.abbotasabogados.com\\\/responsabilidadpatrimonial\\\/#breadcrumb\",\"itemListElement\":[{\"@type\":\"ListItem\",\"position\":1,\"name\":\"Inicio\",\"item\":\"https:\\\/\\\/www.abbotasabogados.com\\\/\"},{\"@type\":\"ListItem\",\"position\":2,\"name\":\"Responsabilidad patrimonial\"}]},{\"@type\":\"WebSite\",\"@id\":\"https:\\\/\\\/www.abbotasabogados.com\\\/#website\",\"url\":\"https:\\\/\\\/www.abbotasabogados.com\\\/\",\"name\":\"AB Botas Abogados\",\"description\":\"Tu abogado de confianza en Asturias\",\"publisher\":{\"@id\":\"https:\\\/\\\/www.abbotasabogados.com\\\/#organization\"},\"potentialAction\":[{\"@type\":\"SearchAction\",\"target\":{\"@type\":\"EntryPoint\",\"urlTemplate\":\"https:\\\/\\\/www.abbotasabogados.com\\\/?s={search_term_string}\"},\"query-input\":{\"@type\":\"PropertyValueSpecification\",\"valueRequired\":true,\"valueName\":\"search_term_string\"}}],\"inLanguage\":\"fr-FR\"},{\"@type\":\"Organization\",\"@id\":\"https:\\\/\\\/www.abbotasabogados.com\\\/#organization\",\"name\":\"AB Botas Abogados\",\"url\":\"https:\\\/\\\/www.abbotasabogados.com\\\/\",\"logo\":{\"@type\":\"ImageObject\",\"inLanguage\":\"fr-FR\",\"@id\":\"https:\\\/\\\/www.abbotasabogados.com\\\/#\\\/schema\\\/logo\\\/image\\\/\",\"url\":\"https:\\\/\\\/www.abbotasabogados.com\\\/wp-content\\\/uploads\\\/2023\\\/03\\\/logo.png\",\"contentUrl\":\"https:\\\/\\\/www.abbotasabogados.com\\\/wp-content\\\/uploads\\\/2023\\\/03\\\/logo.png\",\"width\":1920,\"height\":1267,\"caption\":\"AB Botas Abogados\"},\"image\":{\"@id\":\"https:\\\/\\\/www.abbotasabogados.com\\\/#\\\/schema\\\/logo\\\/image\\\/\"}}]}<\/script>\n<!-- \/ Yoast SEO plugin. -->","yoast_head_json":{"title":"Responsabilit\u00e9 patrimoniale | AB Boots Avocats","description":"AB Botas Abogados, votre cabinet d&#039;avocats \u00e0 Oviedo, vous propose des services juridiques sp\u00e9cialis\u00e9s dans de nombreux domaines, notamment le droit civil, le droit de la famille, le secteur bancaire, les cartes renouvelables, les pr\u00eats hypoth\u00e9caires multidevises...","robots":{"index":"index","follow":"follow","max-snippet":"max-snippet:-1","max-image-preview":"max-image-preview:large","max-video-preview":"max-video-preview:-1"},"canonical":"https:\/\/www.abbotasabogados.com\/fr\/le-droit-civil-11\/","og_locale":"fr_FR","og_type":"article","og_title":"Responsabilidad patrimonial | AB Botas Abogados","og_description":"AB Botas Abogados, tu despacho de abogados en Oviedo, te ofrece servicios legales especializados en una variedad de \u00e1reas, incluyendo derecho civil, derecho de familia, bancario, tarjetas revolving, hipoteca multidivisa....","og_url":"https:\/\/www.abbotasabogados.com\/fr\/le-droit-civil-11\/","og_site_name":"AB Botas Abogados","article_modified_time":"2023-11-09T12:07:11+00:00","og_image":[{"width":1920,"height":1280,"url":"https:\/\/www.abbotasabogados.com\/wp-content\/uploads\/2023\/09\/abbotasabogados-0056.jpeg","type":"image\/jpeg"}],"twitter_card":"summary_large_image","schema":{"@context":"https:\/\/schema.org","@graph":[{"@type":"WebPage","@id":"https:\/\/www.abbotasabogados.com\/responsabilidadpatrimonial\/","url":"https:\/\/www.abbotasabogados.com\/responsabilidadpatrimonial\/","name":"Responsabilit\u00e9 patrimoniale | AB Boots Avocats","isPartOf":{"@id":"https:\/\/www.abbotasabogados.com\/#website"},"primaryImageOfPage":{"@id":"https:\/\/www.abbotasabogados.com\/responsabilidadpatrimonial\/#primaryimage"},"image":{"@id":"https:\/\/www.abbotasabogados.com\/responsabilidadpatrimonial\/#primaryimage"},"thumbnailUrl":"https:\/\/www.abbotasabogados.com\/wp-content\/uploads\/2023\/09\/abbotasabogados-0056.jpeg","datePublished":"2023-11-09T11:59:55+00:00","dateModified":"2023-11-09T12:07:11+00:00","description":"AB Botas Abogados, votre cabinet d&#039;avocats \u00e0 Oviedo, vous propose des services juridiques sp\u00e9cialis\u00e9s dans de nombreux domaines, notamment le droit civil, le droit de la famille, le secteur bancaire, les cartes renouvelables, les pr\u00eats hypoth\u00e9caires multidevises...","breadcrumb":{"@id":"https:\/\/www.abbotasabogados.com\/responsabilidadpatrimonial\/#breadcrumb"},"inLanguage":"fr-FR","potentialAction":[{"@type":"ReadAction","target":["https:\/\/www.abbotasabogados.com\/responsabilidadpatrimonial\/"]}]},{"@type":"ImageObject","inLanguage":"fr-FR","@id":"https:\/\/www.abbotasabogados.com\/responsabilidadpatrimonial\/#primaryimage","url":"https:\/\/www.abbotasabogados.com\/wp-content\/uploads\/2023\/09\/abbotasabogados-0056.jpeg","contentUrl":"https:\/\/www.abbotasabogados.com\/wp-content\/uploads\/2023\/09\/abbotasabogados-0056.jpeg","width":1920,"height":1280,"caption":"Meeting and greeting concept, Two confident Business handshake and business people after discussing good deal of Trading contract and new projects for both companies, success, partnership, co worker."},{"@type":"BreadcrumbList","@id":"https:\/\/www.abbotasabogados.com\/responsabilidadpatrimonial\/#breadcrumb","itemListElement":[{"@type":"ListItem","position":1,"name":"Inicio","item":"https:\/\/www.abbotasabogados.com\/"},{"@type":"ListItem","position":2,"name":"Responsabilidad patrimonial"}]},{"@type":"WebSite","@id":"https:\/\/www.abbotasabogados.com\/#website","url":"https:\/\/www.abbotasabogados.com\/","name":"AB Boots Avocats","description":"Votre avocat de confiance dans les Asturies","publisher":{"@id":"https:\/\/www.abbotasabogados.com\/#organization"},"potentialAction":[{"@type":"SearchAction","target":{"@type":"EntryPoint","urlTemplate":"https:\/\/www.abbotasabogados.com\/?s={search_term_string}"},"query-input":{"@type":"PropertyValueSpecification","valueRequired":true,"valueName":"search_term_string"}}],"inLanguage":"fr-FR"},{"@type":"Organization","@id":"https:\/\/www.abbotasabogados.com\/#organization","name":"AB Boots Avocats","url":"https:\/\/www.abbotasabogados.com\/","logo":{"@type":"ImageObject","inLanguage":"fr-FR","@id":"https:\/\/www.abbotasabogados.com\/#\/schema\/logo\/image\/","url":"https:\/\/www.abbotasabogados.com\/wp-content\/uploads\/2023\/03\/logo.png","contentUrl":"https:\/\/www.abbotasabogados.com\/wp-content\/uploads\/2023\/03\/logo.png","width":1920,"height":1267,"caption":"AB Botas Abogados"},"image":{"@id":"https:\/\/www.abbotasabogados.com\/#\/schema\/logo\/image\/"}}]}},"_links":{"self":[{"href":"https:\/\/www.abbotasabogados.com\/fr\/wp-json\/wp\/v2\/pages\/1526","targetHints":{"allow":["GET"]}}],"collection":[{"href":"https:\/\/www.abbotasabogados.com\/fr\/wp-json\/wp\/v2\/pages"}],"about":[{"href":"https:\/\/www.abbotasabogados.com\/fr\/wp-json\/wp\/v2\/types\/page"}],"author":[{"embeddable":true,"href":"https:\/\/www.abbotasabogados.com\/fr\/wp-json\/wp\/v2\/users\/4"}],"replies":[{"embeddable":true,"href":"https:\/\/www.abbotasabogados.com\/fr\/wp-json\/wp\/v2\/comments?post=1526"}],"version-history":[{"count":4,"href":"https:\/\/www.abbotasabogados.com\/fr\/wp-json\/wp\/v2\/pages\/1526\/revisions"}],"predecessor-version":[{"id":1530,"href":"https:\/\/www.abbotasabogados.com\/fr\/wp-json\/wp\/v2\/pages\/1526\/revisions\/1530"}],"wp:featuredmedia":[{"embeddable":true,"href":"https:\/\/www.abbotasabogados.com\/fr\/wp-json\/wp\/v2\/media\/1157"}],"wp:attachment":[{"href":"https:\/\/www.abbotasabogados.com\/fr\/wp-json\/wp\/v2\/media?parent=1526"}],"curies":[{"name":"wp","href":"https:\/\/api.w.org\/{rel}","templated":true}]}}