{"id":1580,"date":"2023-11-09T14:12:35","date_gmt":"2023-11-09T13:12:35","guid":{"rendered":"https:\/\/www.abbotasabogados.com\/?page_id=1580"},"modified":"2023-11-09T14:15:43","modified_gmt":"2023-11-09T13:15:43","slug":"civil-law-12","status":"publish","type":"page","link":"https:\/\/www.abbotasabogados.com\/en\/complementos-maternidad\/","title":{"rendered":"Maternity accessories for men"},"content":{"rendered":"<div data-elementor-type=\"wp-page\" data-elementor-id=\"1580\" class=\"elementor elementor-1580\" data-elementor-post-type=\"page\">\n\t\t\t\t\t\t<section class=\"elementor-section elementor-top-section elementor-element elementor-element-55d4d01 elementor-section-boxed elementor-section-height-default elementor-section-height-default\" data-id=\"55d4d01\" data-element_type=\"section\" data-e-type=\"section\">\n\t\t\t\t\t\t<div class=\"elementor-container elementor-column-gap-no\">\n\t\t\t\t\t<div class=\"elementor-column elementor-col-50 elementor-top-column elementor-element elementor-element-a3ef011\" data-id=\"a3ef011\" data-element_type=\"column\" data-e-type=\"column\">\n\t\t\t<div class=\"elementor-widget-wrap elementor-element-populated\">\n\t\t\t\t\t\t<div class=\"elementor-element elementor-element-038b264 elementor-view-framed elementor-shape-circle elementor-position-block-start elementor-mobile-position-block-start elementor-widget elementor-widget-icon-box\" data-id=\"038b264\" data-element_type=\"widget\" data-e-type=\"widget\" data-widget_type=\"icon-box.default\">\n\t\t\t\t<div class=\"elementor-widget-container\">\n\t\t\t\t\t\t\t<div class=\"elementor-icon-box-wrapper\">\n\n\t\t\t\t\t\t<div class=\"elementor-icon-box-icon\">\n\t\t\t\t<span  class=\"elementor-icon\">\n\t\t\t\t<i aria-hidden=\"true\" class=\"fas fa-user-shield\"><\/i>\t\t\t\t<\/span>\n\t\t\t<\/div>\n\t\t\t\n\t\t\t\t\t\t<div class=\"elementor-icon-box-content\">\n\n\t\t\t\t\t\t\t\t\t<h2 class=\"elementor-icon-box-title\">\n\t\t\t\t\t\t<span  >\n\t\t\t\t\t\t\tMaternity accessories for men\t\t\t\t\t\t<\/span>\n\t\t\t\t\t<\/h2>\n\t\t\t\t\n\t\t\t\t\t\t\t\t\t<p class=\"elementor-icon-box-description\">\n\t\t\t\t\t\tIt is now possible to process a claim for maternity supplement in favor of men who have accessed a pension for retirement, widowhood or disability\t\t\t\t\t<\/p>\n\t\t\t\t\n\t\t\t<\/div>\n\t\t\t\n\t\t<\/div>\n\t\t\t\t\t\t<\/div>\n\t\t\t\t<\/div>\n\t\t\t\t\t<\/div>\n\t\t<\/div>\n\t\t\t\t<div class=\"elementor-column elementor-col-50 elementor-top-column elementor-element elementor-element-80f3f59\" data-id=\"80f3f59\" data-element_type=\"column\" data-e-type=\"column\">\n\t\t\t<div class=\"elementor-widget-wrap elementor-element-populated\">\n\t\t\t\t\t\t<div class=\"elementor-element elementor-element-83514ad elementor-widget elementor-widget-image\" data-id=\"83514ad\" data-element_type=\"widget\" data-e-type=\"widget\" data-widget_type=\"image.default\">\n\t\t\t\t<div class=\"elementor-widget-container\">\n\t\t\t\t\t\t\t\t\t\t\t\t\t\t\t<img fetchpriority=\"high\" decoding=\"async\" width=\"800\" height=\"534\" src=\"https:\/\/www.abbotasabogados.com\/wp-content\/uploads\/2023\/09\/abbotasabogados-0036-1024x683.jpeg\" class=\"attachment-large size-large wp-image-1137\" alt=\"\" srcset=\"https:\/\/www.abbotasabogados.com\/wp-content\/uploads\/2023\/09\/abbotasabogados-0036-1024x683.jpeg 1024w, https:\/\/www.abbotasabogados.com\/wp-content\/uploads\/2023\/09\/abbotasabogados-0036-300x200.jpeg 300w, https:\/\/www.abbotasabogados.com\/wp-content\/uploads\/2023\/09\/abbotasabogados-0036-768x512.jpeg 768w, https:\/\/www.abbotasabogados.com\/wp-content\/uploads\/2023\/09\/abbotasabogados-0036-1536x1024.jpeg 1536w, https:\/\/www.abbotasabogados.com\/wp-content\/uploads\/2023\/09\/abbotasabogados-0036-18x12.jpeg 18w, https:\/\/www.abbotasabogados.com\/wp-content\/uploads\/2023\/09\/abbotasabogados-0036.jpeg 1920w\" sizes=\"(max-width: 800px) 100vw, 800px\" \/>\t\t\t\t\t\t\t\t\t\t\t\t\t\t\t<\/div>\n\t\t\t\t<\/div>\n\t\t\t\t\t<\/div>\n\t\t<\/div>\n\t\t\t\t\t<\/div>\n\t\t<\/section>\n\t\t\t\t<section class=\"elementor-section elementor-top-section elementor-element elementor-element-6a5a359 elementor-section-boxed elementor-section-height-default elementor-section-height-default\" data-id=\"6a5a359\" data-element_type=\"section\" data-e-type=\"section\">\n\t\t\t\t\t\t<div class=\"elementor-container elementor-column-gap-default\">\n\t\t\t\t\t<div class=\"elementor-column elementor-col-100 elementor-top-column elementor-element elementor-element-b87933c\" data-id=\"b87933c\" data-element_type=\"column\" data-e-type=\"column\">\n\t\t\t<div class=\"elementor-widget-wrap elementor-element-populated\">\n\t\t\t\t\t\t<section class=\"elementor-section elementor-inner-section elementor-element elementor-element-f57f87f elementor-section-boxed elementor-section-height-default elementor-section-height-default\" data-id=\"f57f87f\" data-element_type=\"section\" data-e-type=\"section\">\n\t\t\t\t\t\t<div class=\"elementor-container elementor-column-gap-default\">\n\t\t\t\t\t<div class=\"elementor-column elementor-col-100 elementor-inner-column elementor-element elementor-element-ceb180c\" data-id=\"ceb180c\" data-element_type=\"column\" data-e-type=\"column\">\n\t\t\t<div class=\"elementor-widget-wrap elementor-element-populated\">\n\t\t\t\t\t\t<div class=\"elementor-element elementor-element-1cee844 elementor-widget elementor-widget-heading\" data-id=\"1cee844\" data-element_type=\"widget\" data-e-type=\"widget\" data-widget_type=\"heading.default\">\n\t\t\t\t<div class=\"elementor-widget-container\">\n\t\t\t\t\t<h2 class=\"elementor-heading-title elementor-size-default\">Are you a parent of two or more children and retired between 2016 and 2021? You may be entitled to the maternity supplement<\/h2>\t\t\t\t<\/div>\n\t\t\t\t<\/div>\n\t\t\t\t<div class=\"elementor-element elementor-element-6d75535 elementor-widget elementor-widget-text-editor\" data-id=\"6d75535\" data-element_type=\"widget\" data-e-type=\"widget\" data-widget_type=\"text-editor.default\">\n\t\t\t\t<div class=\"elementor-widget-container\">\n\t\t\t\t\t\t\t\t\t<p>In 2019, the Court of Justice of the European Union considered discriminatory the law that excluded men from the maternity supplement regulated in article 60 of the General Social Security Law.<\/p>\n<p>The Supreme Court has established that the maternity supplement created in 2016 and which was only granted to women must also be granted to men, with retroactive effect. Thus, retired fathers with two or more children between 1 January 2016 and 3 February 2021 can claim the maternity supplement and recover up to a maximum of 21,000 euros.<\/p>\n<p><b>What requirements must I meet?<\/b><br>First of all, you must be the parent of two or more children, whose age is irrelevant.<\/p>\n<p>In addition, you must have been granted a contributory pension from Social Security between January 1, 2016, and February 3, 2021. The pension may be for ordinary retirement, early retirement for reasons not attributable to the worker, widowhood, or permanent disability.<\/p>\n<p><b>What increase will be applied to me?<\/b><br>A percentage will be added to your pension depending on the number of children.<\/p>\n<p>In the case of 2 children: 5 % of the pension.<\/p>\n<p>In the case of 3 children: 10 % of the pension.<\/p>\n<p>In the case of 4 or more children: 15 % of the pension.<\/p>\n<p><b>How to claim it?<\/b><br>If you were not a civil servant, you must first submit an application to the INSS, which will have 3 months to decide. Afterwards, if they do not give you the reason, you must submit a prior administrative claim. Finally, you will need to file a claim before the Social Court.<\/p>\n<p>If, on the other hand, you were a civil servant, we will begin by filing a claim with the General Directorate of Social Security Management (General Subdirectorate for the Management of Civil Servants). If our claim is denied, it will be necessary to file an optional appeal for reconsideration prior to the administrative appeal before the General Directorate of Social Security Management. Finally, if the appeal for reconsideration is also denied, it would be necessary to resort to the judicial route and file the administrative appeal before the High Court of Justice.<\/p>\n<p><b>What documentation is required?<\/b><br>We must attach the following documents to the application:<\/p>\n<p>\u2013 Copy of your ID<\/p>\n<p>\u2013 Resolution of the National Institute of Social Security (INSS) recognizing your pension with the calculation of the amount of the benefit<\/p>\n<p>\u2013 Family book or birth certificate of your children<\/p>\t\t\t\t\t\t\t\t<\/div>\n\t\t\t\t<\/div>\n\t\t\t\t\t<\/div>\n\t\t<\/div>\n\t\t\t\t\t<\/div>\n\t\t<\/section>\n\t\t\t\t\t<\/div>\n\t\t<\/div>\n\t\t\t\t\t<\/div>\n\t\t<\/section>\n\t\t\t\t<section class=\"elementor-section elementor-top-section elementor-element elementor-element-c58dcf0 elementor-section-boxed elementor-section-height-default elementor-section-height-default\" data-id=\"c58dcf0\" data-element_type=\"section\" data-e-type=\"section\">\n\t\t\t\t\t\t<div class=\"elementor-container elementor-column-gap-default\">\n\t\t\t\t\t<div class=\"elementor-column elementor-col-100 elementor-top-column elementor-element elementor-element-6cf99ca\" data-id=\"6cf99ca\" data-element_type=\"column\" data-e-type=\"column\">\n\t\t\t<div class=\"elementor-widget-wrap elementor-element-populated\">\n\t\t\t\t\t\t<div class=\"elementor-element elementor-element-ae835a9 elementor-align-center elementor-widget elementor-widget-button\" data-id=\"ae835a9\" data-element_type=\"widget\" data-e-type=\"widget\" roll=\"buttom\" data-widget_type=\"button.default\">\n\t\t\t\t<div class=\"elementor-widget-container\">\n\t\t\t\t\t\t\t\t\t<div class=\"elementor-button-wrapper\">\n\t\t\t\t\t<a class=\"elementor-button elementor-button-link elementor-size-lg\" href=\"https:\/\/www.abbotasabogados.com\/en\/contacto\/\">\n\t\t\t\t\t\t<span class=\"elementor-button-content-wrapper\">\n\t\t\t\t\t\t\t\t\t<span class=\"elementor-button-text\">More information...<\/span>\n\t\t\t\t\t<\/span>\n\t\t\t\t\t<\/a>\n\t\t\t\t<\/div>\n\t\t\t\t\t\t\t\t<\/div>\n\t\t\t\t<\/div>\n\t\t\t\t\t<\/div>\n\t\t<\/div>\n\t\t\t\t\t<\/div>\n\t\t<\/section>\n\t\t\t\t<\/div>","protected":false},"excerpt":{"rendered":"<p>Complementos de maternidad para hombres Ya es posible tramitar la reclamaci\u00f3n del complemento de maternidad a favor de los hombres que han accedido a una pensi\u00f3n por jubilaci\u00f3n, viudedad o incapacidad \u00bfEres padre de dos o m\u00e1s hijos y te jubilaste entre el 2016 y 2021? Puedes tener derecho al complemento de maternidad En el [&hellip;]<\/p>\n","protected":false},"author":4,"featured_media":1157,"parent":0,"menu_order":7,"comment_status":"closed","ping_status":"closed","template":"","meta":{"_joinchat":[],"footnotes":""},"class_list":["post-1580","page","type-page","status-publish","has-post-thumbnail","hentry"],"yoast_head":"<!-- This site is optimized with the Yoast SEO plugin v27.4 - https:\/\/yoast.com\/product\/yoast-seo-wordpress\/ -->\n<title>Complementos de maternidad para hombres | AB Botas Abogados<\/title>\n<meta name=\"description\" content=\"AB Botas Abogados, tu despacho de abogados en Oviedo, te ofrece servicios legales especializados en una variedad de \u00e1reas, incluyendo derecho civil, derecho de familia, bancario, tarjetas revolving, hipoteca multidivisa....\" \/>\n<meta name=\"robots\" content=\"index, follow, max-snippet:-1, max-image-preview:large, max-video-preview:-1\" \/>\n<link rel=\"canonical\" href=\"https:\/\/www.abbotasabogados.com\/en\/civil-law-12\/\" \/>\n<meta property=\"og:locale\" content=\"en_US\" \/>\n<meta property=\"og:type\" content=\"article\" \/>\n<meta property=\"og:title\" content=\"Complementos de maternidad para hombres | AB Botas Abogados\" \/>\n<meta property=\"og:description\" content=\"AB Botas Abogados, tu despacho de abogados en Oviedo, te ofrece servicios legales especializados en una variedad de \u00e1reas, incluyendo derecho civil, derecho de familia, bancario, tarjetas revolving, hipoteca multidivisa....\" \/>\n<meta property=\"og:url\" content=\"https:\/\/www.abbotasabogados.com\/en\/civil-law-12\/\" \/>\n<meta property=\"og:site_name\" content=\"AB Botas Abogados\" \/>\n<meta property=\"article:modified_time\" content=\"2023-11-09T13:15:43+00:00\" \/>\n<meta property=\"og:image\" content=\"https:\/\/www.abbotasabogados.com\/wp-content\/uploads\/2023\/09\/abbotasabogados-0056.jpeg\" \/>\n\t<meta property=\"og:image:width\" content=\"1920\" \/>\n\t<meta property=\"og:image:height\" content=\"1280\" \/>\n\t<meta property=\"og:image:type\" content=\"image\/jpeg\" \/>\n<meta name=\"twitter:card\" content=\"summary_large_image\" \/>\n<script type=\"application\/ld+json\" class=\"yoast-schema-graph\">{\"@context\":\"https:\\\/\\\/schema.org\",\"@graph\":[{\"@type\":\"WebPage\",\"@id\":\"https:\\\/\\\/www.abbotasabogados.com\\\/complementos-maternidad\\\/\",\"url\":\"https:\\\/\\\/www.abbotasabogados.com\\\/complementos-maternidad\\\/\",\"name\":\"Complementos de maternidad para hombres | AB Botas Abogados\",\"isPartOf\":{\"@id\":\"https:\\\/\\\/www.abbotasabogados.com\\\/#website\"},\"primaryImageOfPage\":{\"@id\":\"https:\\\/\\\/www.abbotasabogados.com\\\/complementos-maternidad\\\/#primaryimage\"},\"image\":{\"@id\":\"https:\\\/\\\/www.abbotasabogados.com\\\/complementos-maternidad\\\/#primaryimage\"},\"thumbnailUrl\":\"https:\\\/\\\/www.abbotasabogados.com\\\/wp-content\\\/uploads\\\/2023\\\/09\\\/abbotasabogados-0056.jpeg\",\"datePublished\":\"2023-11-09T13:12:35+00:00\",\"dateModified\":\"2023-11-09T13:15:43+00:00\",\"description\":\"AB Botas Abogados, tu despacho de abogados en Oviedo, te ofrece servicios legales especializados en una variedad de \u00e1reas, incluyendo derecho civil, derecho de familia, bancario, tarjetas revolving, hipoteca multidivisa....\",\"breadcrumb\":{\"@id\":\"https:\\\/\\\/www.abbotasabogados.com\\\/complementos-maternidad\\\/#breadcrumb\"},\"inLanguage\":\"en-US\",\"potentialAction\":[{\"@type\":\"ReadAction\",\"target\":[\"https:\\\/\\\/www.abbotasabogados.com\\\/complementos-maternidad\\\/\"]}]},{\"@type\":\"ImageObject\",\"inLanguage\":\"en-US\",\"@id\":\"https:\\\/\\\/www.abbotasabogados.com\\\/complementos-maternidad\\\/#primaryimage\",\"url\":\"https:\\\/\\\/www.abbotasabogados.com\\\/wp-content\\\/uploads\\\/2023\\\/09\\\/abbotasabogados-0056.jpeg\",\"contentUrl\":\"https:\\\/\\\/www.abbotasabogados.com\\\/wp-content\\\/uploads\\\/2023\\\/09\\\/abbotasabogados-0056.jpeg\",\"width\":1920,\"height\":1280,\"caption\":\"Meeting and greeting concept, Two confident Business handshake and business people after discussing good deal of Trading contract and new projects for both companies, success, partnership, co worker.\"},{\"@type\":\"BreadcrumbList\",\"@id\":\"https:\\\/\\\/www.abbotasabogados.com\\\/complementos-maternidad\\\/#breadcrumb\",\"itemListElement\":[{\"@type\":\"ListItem\",\"position\":1,\"name\":\"Inicio\",\"item\":\"https:\\\/\\\/www.abbotasabogados.com\\\/\"},{\"@type\":\"ListItem\",\"position\":2,\"name\":\"Complementos de maternidad para hombres\"}]},{\"@type\":\"WebSite\",\"@id\":\"https:\\\/\\\/www.abbotasabogados.com\\\/#website\",\"url\":\"https:\\\/\\\/www.abbotasabogados.com\\\/\",\"name\":\"AB Botas Abogados\",\"description\":\"Tu abogado de confianza en Asturias\",\"publisher\":{\"@id\":\"https:\\\/\\\/www.abbotasabogados.com\\\/#organization\"},\"potentialAction\":[{\"@type\":\"SearchAction\",\"target\":{\"@type\":\"EntryPoint\",\"urlTemplate\":\"https:\\\/\\\/www.abbotasabogados.com\\\/?s={search_term_string}\"},\"query-input\":{\"@type\":\"PropertyValueSpecification\",\"valueRequired\":true,\"valueName\":\"search_term_string\"}}],\"inLanguage\":\"en-US\"},{\"@type\":\"Organization\",\"@id\":\"https:\\\/\\\/www.abbotasabogados.com\\\/#organization\",\"name\":\"AB Botas Abogados\",\"url\":\"https:\\\/\\\/www.abbotasabogados.com\\\/\",\"logo\":{\"@type\":\"ImageObject\",\"inLanguage\":\"en-US\",\"@id\":\"https:\\\/\\\/www.abbotasabogados.com\\\/#\\\/schema\\\/logo\\\/image\\\/\",\"url\":\"https:\\\/\\\/www.abbotasabogados.com\\\/wp-content\\\/uploads\\\/2023\\\/03\\\/logo.png\",\"contentUrl\":\"https:\\\/\\\/www.abbotasabogados.com\\\/wp-content\\\/uploads\\\/2023\\\/03\\\/logo.png\",\"width\":1920,\"height\":1267,\"caption\":\"AB Botas Abogados\"},\"image\":{\"@id\":\"https:\\\/\\\/www.abbotasabogados.com\\\/#\\\/schema\\\/logo\\\/image\\\/\"}}]}<\/script>\n<!-- \/ Yoast SEO plugin. -->","yoast_head_json":{"title":"Maternity accessories for men | AB Botas Abogados","description":"AB Botas Abogados, your law firm in Oviedo, offers you specialized legal services in a variety of areas, including civil law, family law, banking, revolving cards, multi-currency mortgage...","robots":{"index":"index","follow":"follow","max-snippet":"max-snippet:-1","max-image-preview":"max-image-preview:large","max-video-preview":"max-video-preview:-1"},"canonical":"https:\/\/www.abbotasabogados.com\/en\/civil-law-12\/","og_locale":"en_US","og_type":"article","og_title":"Complementos de maternidad para hombres | AB Botas Abogados","og_description":"AB Botas Abogados, tu despacho de abogados en Oviedo, te ofrece servicios legales especializados en una variedad de \u00e1reas, incluyendo derecho civil, derecho de familia, bancario, tarjetas revolving, hipoteca multidivisa....","og_url":"https:\/\/www.abbotasabogados.com\/en\/civil-law-12\/","og_site_name":"AB Botas Abogados","article_modified_time":"2023-11-09T13:15:43+00:00","og_image":[{"width":1920,"height":1280,"url":"https:\/\/www.abbotasabogados.com\/wp-content\/uploads\/2023\/09\/abbotasabogados-0056.jpeg","type":"image\/jpeg"}],"twitter_card":"summary_large_image","schema":{"@context":"https:\/\/schema.org","@graph":[{"@type":"WebPage","@id":"https:\/\/www.abbotasabogados.com\/complementos-maternidad\/","url":"https:\/\/www.abbotasabogados.com\/complementos-maternidad\/","name":"Maternity accessories for men | AB Botas Abogados","isPartOf":{"@id":"https:\/\/www.abbotasabogados.com\/#website"},"primaryImageOfPage":{"@id":"https:\/\/www.abbotasabogados.com\/complementos-maternidad\/#primaryimage"},"image":{"@id":"https:\/\/www.abbotasabogados.com\/complementos-maternidad\/#primaryimage"},"thumbnailUrl":"https:\/\/www.abbotasabogados.com\/wp-content\/uploads\/2023\/09\/abbotasabogados-0056.jpeg","datePublished":"2023-11-09T13:12:35+00:00","dateModified":"2023-11-09T13:15:43+00:00","description":"AB Botas Abogados, your law firm in Oviedo, offers you specialized legal services in a variety of areas, including civil law, family law, banking, revolving cards, multi-currency mortgage...","breadcrumb":{"@id":"https:\/\/www.abbotasabogados.com\/complementos-maternidad\/#breadcrumb"},"inLanguage":"en-US","potentialAction":[{"@type":"ReadAction","target":["https:\/\/www.abbotasabogados.com\/complementos-maternidad\/"]}]},{"@type":"ImageObject","inLanguage":"en-US","@id":"https:\/\/www.abbotasabogados.com\/complementos-maternidad\/#primaryimage","url":"https:\/\/www.abbotasabogados.com\/wp-content\/uploads\/2023\/09\/abbotasabogados-0056.jpeg","contentUrl":"https:\/\/www.abbotasabogados.com\/wp-content\/uploads\/2023\/09\/abbotasabogados-0056.jpeg","width":1920,"height":1280,"caption":"Meeting and greeting concept, Two confident Business handshake and business people after discussing good deal of Trading contract and new projects for both companies, success, partnership, co worker."},{"@type":"BreadcrumbList","@id":"https:\/\/www.abbotasabogados.com\/complementos-maternidad\/#breadcrumb","itemListElement":[{"@type":"ListItem","position":1,"name":"Inicio","item":"https:\/\/www.abbotasabogados.com\/"},{"@type":"ListItem","position":2,"name":"Complementos de maternidad para hombres"}]},{"@type":"WebSite","@id":"https:\/\/www.abbotasabogados.com\/#website","url":"https:\/\/www.abbotasabogados.com\/","name":"AB Boots Lawyers","description":"Your trusted lawyer in Asturias","publisher":{"@id":"https:\/\/www.abbotasabogados.com\/#organization"},"potentialAction":[{"@type":"SearchAction","target":{"@type":"EntryPoint","urlTemplate":"https:\/\/www.abbotasabogados.com\/?s={search_term_string}"},"query-input":{"@type":"PropertyValueSpecification","valueRequired":true,"valueName":"search_term_string"}}],"inLanguage":"en-US"},{"@type":"Organization","@id":"https:\/\/www.abbotasabogados.com\/#organization","name":"AB Boots Lawyers","url":"https:\/\/www.abbotasabogados.com\/","logo":{"@type":"ImageObject","inLanguage":"en-US","@id":"https:\/\/www.abbotasabogados.com\/#\/schema\/logo\/image\/","url":"https:\/\/www.abbotasabogados.com\/wp-content\/uploads\/2023\/03\/logo.png","contentUrl":"https:\/\/www.abbotasabogados.com\/wp-content\/uploads\/2023\/03\/logo.png","width":1920,"height":1267,"caption":"AB Botas Abogados"},"image":{"@id":"https:\/\/www.abbotasabogados.com\/#\/schema\/logo\/image\/"}}]}},"_links":{"self":[{"href":"https:\/\/www.abbotasabogados.com\/en\/wp-json\/wp\/v2\/pages\/1580","targetHints":{"allow":["GET"]}}],"collection":[{"href":"https:\/\/www.abbotasabogados.com\/en\/wp-json\/wp\/v2\/pages"}],"about":[{"href":"https:\/\/www.abbotasabogados.com\/en\/wp-json\/wp\/v2\/types\/page"}],"author":[{"embeddable":true,"href":"https:\/\/www.abbotasabogados.com\/en\/wp-json\/wp\/v2\/users\/4"}],"replies":[{"embeddable":true,"href":"https:\/\/www.abbotasabogados.com\/en\/wp-json\/wp\/v2\/comments?post=1580"}],"version-history":[{"count":4,"href":"https:\/\/www.abbotasabogados.com\/en\/wp-json\/wp\/v2\/pages\/1580\/revisions"}],"predecessor-version":[{"id":1584,"href":"https:\/\/www.abbotasabogados.com\/en\/wp-json\/wp\/v2\/pages\/1580\/revisions\/1584"}],"wp:featuredmedia":[{"embeddable":true,"href":"https:\/\/www.abbotasabogados.com\/en\/wp-json\/wp\/v2\/media\/1157"}],"wp:attachment":[{"href":"https:\/\/www.abbotasabogados.com\/en\/wp-json\/wp\/v2\/media?parent=1580"}],"curies":[{"name":"wp","href":"https:\/\/api.w.org\/{rel}","templated":true}]}}