{"id":1477,"date":"2023-11-09T12:09:31","date_gmt":"2023-11-09T11:09:31","guid":{"rendered":"https:\/\/www.abbotasabogados.com\/?page_id=1477"},"modified":"2023-11-09T13:09:30","modified_gmt":"2023-11-09T12:09:30","slug":"civil-law-4","status":"publish","type":"page","link":"https:\/\/www.abbotasabogados.com\/en\/derecho-penal\/","title":{"rendered":"Criminal law"},"content":{"rendered":"<div data-elementor-type=\"wp-page\" data-elementor-id=\"1477\" class=\"elementor elementor-1477\" data-elementor-post-type=\"page\">\n\t\t\t\t\t\t<section class=\"elementor-section elementor-top-section elementor-element elementor-element-55d4d01 elementor-section-boxed elementor-section-height-default elementor-section-height-default\" data-id=\"55d4d01\" data-element_type=\"section\" data-e-type=\"section\">\n\t\t\t\t\t\t<div class=\"elementor-container elementor-column-gap-no\">\n\t\t\t\t\t<div class=\"elementor-column elementor-col-50 elementor-top-column elementor-element elementor-element-a3ef011\" data-id=\"a3ef011\" data-element_type=\"column\" data-e-type=\"column\">\n\t\t\t<div class=\"elementor-widget-wrap elementor-element-populated\">\n\t\t\t\t\t\t<div class=\"elementor-element elementor-element-038b264 elementor-view-framed elementor-shape-circle elementor-position-block-start elementor-mobile-position-block-start elementor-widget elementor-widget-icon-box\" data-id=\"038b264\" data-element_type=\"widget\" data-e-type=\"widget\" data-widget_type=\"icon-box.default\">\n\t\t\t\t<div class=\"elementor-widget-container\">\n\t\t\t\t\t\t\t<div class=\"elementor-icon-box-wrapper\">\n\n\t\t\t\t\t\t<div class=\"elementor-icon-box-icon\">\n\t\t\t\t<span  class=\"elementor-icon\">\n\t\t\t\t<i aria-hidden=\"true\" class=\"fas fa-user-lock\"><\/i>\t\t\t\t<\/span>\n\t\t\t<\/div>\n\t\t\t\n\t\t\t\t\t\t<div class=\"elementor-icon-box-content\">\n\n\t\t\t\t\t\t\t\t\t<h2 class=\"elementor-icon-box-title\">\n\t\t\t\t\t\t<span  >\n\t\t\t\t\t\t\tPenal\t\t\t\t\t\t<\/span>\n\t\t\t\t\t<\/h2>\n\t\t\t\t\n\t\t\t\t\t\t\t\t\t<p class=\"elementor-icon-box-description\">\n\t\t\t\t\t\tAcusaci\u00f3n y defensa en delitos de cualquier \u00edndole \/ Asistencia al detenido \/ Juicios r\u00e1pidos \/ Violencia de g\u00e9nero \/ entre otr\t\t\t\t\t<\/p>\n\t\t\t\t\n\t\t\t<\/div>\n\t\t\t\n\t\t<\/div>\n\t\t\t\t\t\t<\/div>\n\t\t\t\t<\/div>\n\t\t\t\t\t<\/div>\n\t\t<\/div>\n\t\t\t\t<div class=\"elementor-column elementor-col-50 elementor-top-column elementor-element elementor-element-80f3f59\" data-id=\"80f3f59\" data-element_type=\"column\" data-e-type=\"column\">\n\t\t\t<div class=\"elementor-widget-wrap elementor-element-populated\">\n\t\t\t\t\t\t<div class=\"elementor-element elementor-element-83514ad elementor-widget elementor-widget-image\" data-id=\"83514ad\" data-element_type=\"widget\" data-e-type=\"widget\" data-widget_type=\"image.default\">\n\t\t\t\t<div class=\"elementor-widget-container\">\n\t\t\t\t\t\t\t\t\t\t\t\t\t\t\t<img fetchpriority=\"high\" decoding=\"async\" width=\"800\" height=\"535\" src=\"https:\/\/www.abbotasabogados.com\/wp-content\/uploads\/2023\/09\/abbotasabogados-0045-1024x685.jpeg\" class=\"attachment-large size-large wp-image-1146\" alt=\"\" srcset=\"https:\/\/www.abbotasabogados.com\/wp-content\/uploads\/2023\/09\/abbotasabogados-0045-1024x685.jpeg 1024w, https:\/\/www.abbotasabogados.com\/wp-content\/uploads\/2023\/09\/abbotasabogados-0045-300x201.jpeg 300w, https:\/\/www.abbotasabogados.com\/wp-content\/uploads\/2023\/09\/abbotasabogados-0045-768x514.jpeg 768w, https:\/\/www.abbotasabogados.com\/wp-content\/uploads\/2023\/09\/abbotasabogados-0045-1536x1028.jpeg 1536w, https:\/\/www.abbotasabogados.com\/wp-content\/uploads\/2023\/09\/abbotasabogados-0045-18x12.jpeg 18w, https:\/\/www.abbotasabogados.com\/wp-content\/uploads\/2023\/09\/abbotasabogados-0045.jpeg 1920w\" sizes=\"(max-width: 800px) 100vw, 800px\" \/>\t\t\t\t\t\t\t\t\t\t\t\t\t\t\t<\/div>\n\t\t\t\t<\/div>\n\t\t\t\t\t<\/div>\n\t\t<\/div>\n\t\t\t\t\t<\/div>\n\t\t<\/section>\n\t\t\t\t<section class=\"elementor-section elementor-top-section elementor-element elementor-element-b6e91e6 elementor-section-boxed elementor-section-height-default elementor-section-height-default\" data-id=\"b6e91e6\" data-element_type=\"section\" data-e-type=\"section\">\n\t\t\t\t\t\t<div class=\"elementor-container elementor-column-gap-default\">\n\t\t\t\t\t<div class=\"elementor-column elementor-col-100 elementor-top-column elementor-element elementor-element-cff6c00\" data-id=\"cff6c00\" data-element_type=\"column\" data-e-type=\"column\">\n\t\t\t<div class=\"elementor-widget-wrap elementor-element-populated\">\n\t\t\t\t\t\t<div class=\"elementor-element elementor-element-9976981 elementor-widget elementor-widget-text-editor\" data-id=\"9976981\" data-element_type=\"widget\" data-e-type=\"widget\" data-widget_type=\"text-editor.default\">\n\t\t\t\t<div class=\"elementor-widget-container\">\n\t\t\t\t\t\t\t\t\t<p>Asesoramos a nuestros clientes en todo el proceso de defensa, tanto en posici\u00f3n de acusaci\u00f3n (perjudicado o v\u00edctima), como de defensa (investigado o acusado), garantizando el m\u00e1ximo rigor en la direcci\u00f3n jur\u00eddica del caso.<\/p><p>\u00a0<\/p>\t\t\t\t\t\t\t\t<\/div>\n\t\t\t\t<\/div>\n\t\t\t\t\t<\/div>\n\t\t<\/div>\n\t\t\t\t\t<\/div>\n\t\t<\/section>\n\t\t\t\t<section class=\"elementor-section elementor-top-section elementor-element elementor-element-c58dcf0 elementor-section-boxed elementor-section-height-default elementor-section-height-default\" data-id=\"c58dcf0\" data-element_type=\"section\" data-e-type=\"section\">\n\t\t\t\t\t\t<div class=\"elementor-container elementor-column-gap-default\">\n\t\t\t\t\t<div class=\"elementor-column elementor-col-100 elementor-top-column elementor-element elementor-element-6cf99ca\" data-id=\"6cf99ca\" data-element_type=\"column\" data-e-type=\"column\">\n\t\t\t<div class=\"elementor-widget-wrap elementor-element-populated\">\n\t\t\t\t\t\t<div class=\"elementor-element elementor-element-ae835a9 elementor-align-center elementor-widget elementor-widget-button\" data-id=\"ae835a9\" data-element_type=\"widget\" data-e-type=\"widget\" roll=\"buttom\" data-widget_type=\"button.default\">\n\t\t\t\t<div class=\"elementor-widget-container\">\n\t\t\t\t\t\t\t\t\t<div class=\"elementor-button-wrapper\">\n\t\t\t\t\t<a class=\"elementor-button elementor-button-link elementor-size-lg\" href=\"https:\/\/www.abbotasabogados.com\/en\/contacto\/\">\n\t\t\t\t\t\t<span class=\"elementor-button-content-wrapper\">\n\t\t\t\t\t\t\t\t\t<span class=\"elementor-button-text\">More information...<\/span>\n\t\t\t\t\t<\/span>\n\t\t\t\t\t<\/a>\n\t\t\t\t<\/div>\n\t\t\t\t\t\t\t\t<\/div>\n\t\t\t\t<\/div>\n\t\t\t\t\t<\/div>\n\t\t<\/div>\n\t\t\t\t\t<\/div>\n\t\t<\/section>\n\t\t\t\t<\/div>","protected":false},"excerpt":{"rendered":"<p>Penal Acusaci\u00f3n y defensa en delitos de cualquier \u00edndole \/ Asistencia al detenido \/ Juicios r\u00e1pidos \/ Violencia de g\u00e9nero \/ entre otr Asesoramos a nuestros clientes en todo el proceso de defensa, tanto en posici\u00f3n de acusaci\u00f3n (perjudicado o v\u00edctima), como de defensa (investigado o acusado), garantizando el m\u00e1ximo rigor en la direcci\u00f3n jur\u00eddica [&hellip;]<\/p>\n","protected":false},"author":4,"featured_media":1157,"parent":0,"menu_order":10,"comment_status":"closed","ping_status":"closed","template":"","meta":{"_joinchat":[],"footnotes":""},"class_list":["post-1477","page","type-page","status-publish","has-post-thumbnail","hentry"],"yoast_head":"<!-- This site is optimized with the Yoast SEO plugin v27.4 - https:\/\/yoast.com\/product\/yoast-seo-wordpress\/ -->\n<title>Derecho Penal | AB Botas Abogados<\/title>\n<meta name=\"description\" content=\"AB Botas Abogados, tu despacho de abogados en Oviedo, te ofrece servicios legales especializados en una variedad de \u00e1reas, incluyendo derecho civil, derecho de familia, bancario, tarjetas revolving, hipoteca multidivisa...\" \/>\n<meta name=\"robots\" content=\"index, follow, max-snippet:-1, max-image-preview:large, max-video-preview:-1\" \/>\n<link rel=\"canonical\" href=\"https:\/\/www.abbotasabogados.com\/en\/civil-law-4\/\" \/>\n<meta property=\"og:locale\" content=\"en_US\" \/>\n<meta property=\"og:type\" content=\"article\" \/>\n<meta property=\"og:title\" content=\"Derecho Penal | AB Botas Abogados\" \/>\n<meta property=\"og:description\" content=\"AB Botas Abogados, tu despacho de abogados en Oviedo, te ofrece servicios legales especializados en una variedad de \u00e1reas, incluyendo derecho civil, derecho de familia, bancario, tarjetas revolving, hipoteca multidivisa...\" \/>\n<meta property=\"og:url\" content=\"https:\/\/www.abbotasabogados.com\/en\/civil-law-4\/\" \/>\n<meta property=\"og:site_name\" content=\"AB Botas Abogados\" \/>\n<meta property=\"article:modified_time\" content=\"2023-11-09T12:09:30+00:00\" \/>\n<meta property=\"og:image\" content=\"https:\/\/www.abbotasabogados.com\/wp-content\/uploads\/2023\/09\/abbotasabogados-0056.jpeg\" \/>\n\t<meta property=\"og:image:width\" content=\"1920\" \/>\n\t<meta property=\"og:image:height\" content=\"1280\" \/>\n\t<meta property=\"og:image:type\" content=\"image\/jpeg\" \/>\n<meta name=\"twitter:card\" content=\"summary_large_image\" \/>\n<script type=\"application\/ld+json\" class=\"yoast-schema-graph\">{\"@context\":\"https:\\\/\\\/schema.org\",\"@graph\":[{\"@type\":\"WebPage\",\"@id\":\"https:\\\/\\\/www.abbotasabogados.com\\\/derecho-penal\\\/\",\"url\":\"https:\\\/\\\/www.abbotasabogados.com\\\/derecho-penal\\\/\",\"name\":\"Derecho Penal | AB Botas Abogados\",\"isPartOf\":{\"@id\":\"https:\\\/\\\/www.abbotasabogados.com\\\/#website\"},\"primaryImageOfPage\":{\"@id\":\"https:\\\/\\\/www.abbotasabogados.com\\\/derecho-penal\\\/#primaryimage\"},\"image\":{\"@id\":\"https:\\\/\\\/www.abbotasabogados.com\\\/derecho-penal\\\/#primaryimage\"},\"thumbnailUrl\":\"https:\\\/\\\/www.abbotasabogados.com\\\/wp-content\\\/uploads\\\/2023\\\/09\\\/abbotasabogados-0056.jpeg\",\"datePublished\":\"2023-11-09T11:09:31+00:00\",\"dateModified\":\"2023-11-09T12:09:30+00:00\",\"description\":\"AB Botas Abogados, tu despacho de abogados en Oviedo, te ofrece servicios legales especializados en una variedad de \u00e1reas, incluyendo derecho civil, derecho de familia, bancario, tarjetas revolving, hipoteca multidivisa...\",\"breadcrumb\":{\"@id\":\"https:\\\/\\\/www.abbotasabogados.com\\\/derecho-penal\\\/#breadcrumb\"},\"inLanguage\":\"en-US\",\"potentialAction\":[{\"@type\":\"ReadAction\",\"target\":[\"https:\\\/\\\/www.abbotasabogados.com\\\/derecho-penal\\\/\"]}]},{\"@type\":\"ImageObject\",\"inLanguage\":\"en-US\",\"@id\":\"https:\\\/\\\/www.abbotasabogados.com\\\/derecho-penal\\\/#primaryimage\",\"url\":\"https:\\\/\\\/www.abbotasabogados.com\\\/wp-content\\\/uploads\\\/2023\\\/09\\\/abbotasabogados-0056.jpeg\",\"contentUrl\":\"https:\\\/\\\/www.abbotasabogados.com\\\/wp-content\\\/uploads\\\/2023\\\/09\\\/abbotasabogados-0056.jpeg\",\"width\":1920,\"height\":1280,\"caption\":\"Meeting and greeting concept, Two confident Business handshake and business people after discussing good deal of Trading contract and new projects for both companies, success, partnership, co worker.\"},{\"@type\":\"BreadcrumbList\",\"@id\":\"https:\\\/\\\/www.abbotasabogados.com\\\/derecho-penal\\\/#breadcrumb\",\"itemListElement\":[{\"@type\":\"ListItem\",\"position\":1,\"name\":\"Inicio\",\"item\":\"https:\\\/\\\/www.abbotasabogados.com\\\/\"},{\"@type\":\"ListItem\",\"position\":2,\"name\":\"Derecho Penal\"}]},{\"@type\":\"WebSite\",\"@id\":\"https:\\\/\\\/www.abbotasabogados.com\\\/#website\",\"url\":\"https:\\\/\\\/www.abbotasabogados.com\\\/\",\"name\":\"AB Botas Abogados\",\"description\":\"Tu abogado de confianza en Asturias\",\"publisher\":{\"@id\":\"https:\\\/\\\/www.abbotasabogados.com\\\/#organization\"},\"potentialAction\":[{\"@type\":\"SearchAction\",\"target\":{\"@type\":\"EntryPoint\",\"urlTemplate\":\"https:\\\/\\\/www.abbotasabogados.com\\\/?s={search_term_string}\"},\"query-input\":{\"@type\":\"PropertyValueSpecification\",\"valueRequired\":true,\"valueName\":\"search_term_string\"}}],\"inLanguage\":\"en-US\"},{\"@type\":\"Organization\",\"@id\":\"https:\\\/\\\/www.abbotasabogados.com\\\/#organization\",\"name\":\"AB Botas Abogados\",\"url\":\"https:\\\/\\\/www.abbotasabogados.com\\\/\",\"logo\":{\"@type\":\"ImageObject\",\"inLanguage\":\"en-US\",\"@id\":\"https:\\\/\\\/www.abbotasabogados.com\\\/#\\\/schema\\\/logo\\\/image\\\/\",\"url\":\"https:\\\/\\\/www.abbotasabogados.com\\\/wp-content\\\/uploads\\\/2023\\\/03\\\/logo.png\",\"contentUrl\":\"https:\\\/\\\/www.abbotasabogados.com\\\/wp-content\\\/uploads\\\/2023\\\/03\\\/logo.png\",\"width\":1920,\"height\":1267,\"caption\":\"AB Botas Abogados\"},\"image\":{\"@id\":\"https:\\\/\\\/www.abbotasabogados.com\\\/#\\\/schema\\\/logo\\\/image\\\/\"}}]}<\/script>\n<!-- \/ Yoast SEO plugin. -->","yoast_head_json":{"title":"Derecho Penal | AB Botas Abogados","description":"AB Botas Abogados, your law firm in Oviedo, offers you specialized legal services in a variety of areas, including civil law, family law, banking, revolving cards, multi-currency mortgages...","robots":{"index":"index","follow":"follow","max-snippet":"max-snippet:-1","max-image-preview":"max-image-preview:large","max-video-preview":"max-video-preview:-1"},"canonical":"https:\/\/www.abbotasabogados.com\/en\/civil-law-4\/","og_locale":"en_US","og_type":"article","og_title":"Derecho Penal | AB Botas Abogados","og_description":"AB Botas Abogados, tu despacho de abogados en Oviedo, te ofrece servicios legales especializados en una variedad de \u00e1reas, incluyendo derecho civil, derecho de familia, bancario, tarjetas revolving, hipoteca multidivisa...","og_url":"https:\/\/www.abbotasabogados.com\/en\/civil-law-4\/","og_site_name":"AB Botas Abogados","article_modified_time":"2023-11-09T12:09:30+00:00","og_image":[{"width":1920,"height":1280,"url":"https:\/\/www.abbotasabogados.com\/wp-content\/uploads\/2023\/09\/abbotasabogados-0056.jpeg","type":"image\/jpeg"}],"twitter_card":"summary_large_image","schema":{"@context":"https:\/\/schema.org","@graph":[{"@type":"WebPage","@id":"https:\/\/www.abbotasabogados.com\/derecho-penal\/","url":"https:\/\/www.abbotasabogados.com\/derecho-penal\/","name":"Derecho Penal | AB Botas Abogados","isPartOf":{"@id":"https:\/\/www.abbotasabogados.com\/#website"},"primaryImageOfPage":{"@id":"https:\/\/www.abbotasabogados.com\/derecho-penal\/#primaryimage"},"image":{"@id":"https:\/\/www.abbotasabogados.com\/derecho-penal\/#primaryimage"},"thumbnailUrl":"https:\/\/www.abbotasabogados.com\/wp-content\/uploads\/2023\/09\/abbotasabogados-0056.jpeg","datePublished":"2023-11-09T11:09:31+00:00","dateModified":"2023-11-09T12:09:30+00:00","description":"AB Botas Abogados, your law firm in Oviedo, offers you specialized legal services in a variety of areas, including civil law, family law, banking, revolving cards, multi-currency mortgages...","breadcrumb":{"@id":"https:\/\/www.abbotasabogados.com\/derecho-penal\/#breadcrumb"},"inLanguage":"en-US","potentialAction":[{"@type":"ReadAction","target":["https:\/\/www.abbotasabogados.com\/derecho-penal\/"]}]},{"@type":"ImageObject","inLanguage":"en-US","@id":"https:\/\/www.abbotasabogados.com\/derecho-penal\/#primaryimage","url":"https:\/\/www.abbotasabogados.com\/wp-content\/uploads\/2023\/09\/abbotasabogados-0056.jpeg","contentUrl":"https:\/\/www.abbotasabogados.com\/wp-content\/uploads\/2023\/09\/abbotasabogados-0056.jpeg","width":1920,"height":1280,"caption":"Meeting and greeting concept, Two confident Business handshake and business people after discussing good deal of Trading contract and new projects for both companies, success, partnership, co worker."},{"@type":"BreadcrumbList","@id":"https:\/\/www.abbotasabogados.com\/derecho-penal\/#breadcrumb","itemListElement":[{"@type":"ListItem","position":1,"name":"Inicio","item":"https:\/\/www.abbotasabogados.com\/"},{"@type":"ListItem","position":2,"name":"Derecho Penal"}]},{"@type":"WebSite","@id":"https:\/\/www.abbotasabogados.com\/#website","url":"https:\/\/www.abbotasabogados.com\/","name":"AB Boots Lawyers","description":"Your trusted lawyer in Asturias","publisher":{"@id":"https:\/\/www.abbotasabogados.com\/#organization"},"potentialAction":[{"@type":"SearchAction","target":{"@type":"EntryPoint","urlTemplate":"https:\/\/www.abbotasabogados.com\/?s={search_term_string}"},"query-input":{"@type":"PropertyValueSpecification","valueRequired":true,"valueName":"search_term_string"}}],"inLanguage":"en-US"},{"@type":"Organization","@id":"https:\/\/www.abbotasabogados.com\/#organization","name":"AB Boots Lawyers","url":"https:\/\/www.abbotasabogados.com\/","logo":{"@type":"ImageObject","inLanguage":"en-US","@id":"https:\/\/www.abbotasabogados.com\/#\/schema\/logo\/image\/","url":"https:\/\/www.abbotasabogados.com\/wp-content\/uploads\/2023\/03\/logo.png","contentUrl":"https:\/\/www.abbotasabogados.com\/wp-content\/uploads\/2023\/03\/logo.png","width":1920,"height":1267,"caption":"AB Botas Abogados"},"image":{"@id":"https:\/\/www.abbotasabogados.com\/#\/schema\/logo\/image\/"}}]}},"_links":{"self":[{"href":"https:\/\/www.abbotasabogados.com\/en\/wp-json\/wp\/v2\/pages\/1477","targetHints":{"allow":["GET"]}}],"collection":[{"href":"https:\/\/www.abbotasabogados.com\/en\/wp-json\/wp\/v2\/pages"}],"about":[{"href":"https:\/\/www.abbotasabogados.com\/en\/wp-json\/wp\/v2\/types\/page"}],"author":[{"embeddable":true,"href":"https:\/\/www.abbotasabogados.com\/en\/wp-json\/wp\/v2\/users\/4"}],"replies":[{"embeddable":true,"href":"https:\/\/www.abbotasabogados.com\/en\/wp-json\/wp\/v2\/comments?post=1477"}],"version-history":[{"count":5,"href":"https:\/\/www.abbotasabogados.com\/en\/wp-json\/wp\/v2\/pages\/1477\/revisions"}],"predecessor-version":[{"id":1540,"href":"https:\/\/www.abbotasabogados.com\/en\/wp-json\/wp\/v2\/pages\/1477\/revisions\/1540"}],"wp:featuredmedia":[{"embeddable":true,"href":"https:\/\/www.abbotasabogados.com\/en\/wp-json\/wp\/v2\/media\/1157"}],"wp:attachment":[{"href":"https:\/\/www.abbotasabogados.com\/en\/wp-json\/wp\/v2\/media?parent=1477"}],"curies":[{"name":"wp","href":"https:\/\/api.w.org\/{rel}","templated":true}]}}