{"id":1476,"date":"2023-11-09T12:13:43","date_gmt":"2023-11-09T11:13:43","guid":{"rendered":"https:\/\/www.abbotasabogados.com\/?page_id=1476"},"modified":"2023-11-09T13:09:22","modified_gmt":"2023-11-09T12:09:22","slug":"civil-law-3","status":"publish","type":"page","link":"https:\/\/www.abbotasabogados.com\/en\/derecho-de-familia\/","title":{"rendered":"Family right"},"content":{"rendered":"<div data-elementor-type=\"wp-page\" data-elementor-id=\"1476\" class=\"elementor elementor-1476\" data-elementor-post-type=\"page\">\n\t\t\t\t\t\t<section class=\"elementor-section elementor-top-section elementor-element elementor-element-55d4d01 elementor-section-boxed elementor-section-height-default elementor-section-height-default\" data-id=\"55d4d01\" data-element_type=\"section\" data-e-type=\"section\">\n\t\t\t\t\t\t<div class=\"elementor-container elementor-column-gap-no\">\n\t\t\t\t\t<div class=\"elementor-column elementor-col-50 elementor-top-column elementor-element elementor-element-a3ef011\" data-id=\"a3ef011\" data-element_type=\"column\" data-e-type=\"column\">\n\t\t\t<div class=\"elementor-widget-wrap elementor-element-populated\">\n\t\t\t\t\t\t<div class=\"elementor-element elementor-element-038b264 elementor-view-framed elementor-shape-circle elementor-position-block-start elementor-mobile-position-block-start elementor-widget elementor-widget-icon-box\" data-id=\"038b264\" data-element_type=\"widget\" data-e-type=\"widget\" data-widget_type=\"icon-box.default\">\n\t\t\t\t<div class=\"elementor-widget-container\">\n\t\t\t\t\t\t\t<div class=\"elementor-icon-box-wrapper\">\n\n\t\t\t\t\t\t<div class=\"elementor-icon-box-icon\">\n\t\t\t\t<span  class=\"elementor-icon\">\n\t\t\t\t<i aria-hidden=\"true\" class=\"fas fa-people-arrows\"><\/i>\t\t\t\t<\/span>\n\t\t\t<\/div>\n\t\t\t\n\t\t\t\t\t\t<div class=\"elementor-icon-box-content\">\n\n\t\t\t\t\t\t\t\t\t<h2 class=\"elementor-icon-box-title\">\n\t\t\t\t\t\t<span  >\n\t\t\t\t\t\t\tFamily\t\t\t\t\t\t<\/span>\n\t\t\t\t\t<\/h2>\n\t\t\t\t\n\t\t\t\t\t\t\t\t\t<p class=\"elementor-icon-box-description\">\n\t\t\t\t\t\tDivorces and separations, both contentious and by mutual agreement \/ Paternal-filial measures \/ Claim for alimony \/ Modification of measures \/ Affiliation, paternity and maternity procedures \/ Liquidation of community property \/ among others.\t\t\t\t\t<\/p>\n\t\t\t\t\n\t\t\t<\/div>\n\t\t\t\n\t\t<\/div>\n\t\t\t\t\t\t<\/div>\n\t\t\t\t<\/div>\n\t\t\t\t\t<\/div>\n\t\t<\/div>\n\t\t\t\t<div class=\"elementor-column elementor-col-50 elementor-top-column elementor-element elementor-element-80f3f59\" data-id=\"80f3f59\" data-element_type=\"column\" data-e-type=\"column\">\n\t\t\t<div class=\"elementor-widget-wrap elementor-element-populated\">\n\t\t\t\t\t\t<div class=\"elementor-element elementor-element-83514ad elementor-widget elementor-widget-image\" data-id=\"83514ad\" data-element_type=\"widget\" data-e-type=\"widget\" data-widget_type=\"image.default\">\n\t\t\t\t<div class=\"elementor-widget-container\">\n\t\t\t\t\t\t\t\t\t\t\t\t\t\t\t<img fetchpriority=\"high\" decoding=\"async\" width=\"800\" height=\"451\" src=\"https:\/\/www.abbotasabogados.com\/wp-content\/uploads\/2023\/09\/abbotasabogados-0051-1024x577.jpeg\" class=\"attachment-large size-large wp-image-1152\" alt=\"\" srcset=\"https:\/\/www.abbotasabogados.com\/wp-content\/uploads\/2023\/09\/abbotasabogados-0051-1024x577.jpeg 1024w, https:\/\/www.abbotasabogados.com\/wp-content\/uploads\/2023\/09\/abbotasabogados-0051-300x169.jpeg 300w, https:\/\/www.abbotasabogados.com\/wp-content\/uploads\/2023\/09\/abbotasabogados-0051-768x432.jpeg 768w, https:\/\/www.abbotasabogados.com\/wp-content\/uploads\/2023\/09\/abbotasabogados-0051-1536x865.jpeg 1536w, https:\/\/www.abbotasabogados.com\/wp-content\/uploads\/2023\/09\/abbotasabogados-0051-18x10.jpeg 18w, https:\/\/www.abbotasabogados.com\/wp-content\/uploads\/2023\/09\/abbotasabogados-0051.jpeg 1920w\" sizes=\"(max-width: 800px) 100vw, 800px\" \/>\t\t\t\t\t\t\t\t\t\t\t\t\t\t\t<\/div>\n\t\t\t\t<\/div>\n\t\t\t\t\t<\/div>\n\t\t<\/div>\n\t\t\t\t\t<\/div>\n\t\t<\/section>\n\t\t\t\t<section class=\"elementor-section elementor-top-section elementor-element elementor-element-b6e91e6 elementor-section-boxed elementor-section-height-default elementor-section-height-default\" data-id=\"b6e91e6\" data-element_type=\"section\" data-e-type=\"section\">\n\t\t\t\t\t\t<div class=\"elementor-container elementor-column-gap-default\">\n\t\t\t\t\t<div class=\"elementor-column elementor-col-100 elementor-top-column elementor-element elementor-element-cff6c00\" data-id=\"cff6c00\" data-element_type=\"column\" data-e-type=\"column\">\n\t\t\t<div class=\"elementor-widget-wrap elementor-element-populated\">\n\t\t\t\t\t\t<div class=\"elementor-element elementor-element-9976981 elementor-widget elementor-widget-text-editor\" data-id=\"9976981\" data-element_type=\"widget\" data-e-type=\"widget\" data-widget_type=\"text-editor.default\">\n\t\t\t\t<div class=\"elementor-widget-container\">\n\t\t\t\t\t\t\t\t\t<p><span class=\"s1\">Podemos prestarle asesoramiento integral en los procesos de familia. Estos son algunos de nuestros servicios en derecho de familia.<\/span><\/p><ul><li class=\"p1\"><span class=\"s1\">Asesoramiento previo en procesos matrimoniales y de familia para que se puedan adoptar las decisiones m\u00e1s beneficiosas intentando evitar los largos y traum\u00e1ticos procesos contenciosos.<\/span><\/li><li class=\"p1\"><span class=\"s1\">Separaciones y divorcios.<\/span><\/li><li class=\"p1\"><span class=\"s1\">Divorcios express.<\/span><\/li><li class=\"p1\"><span class=\"s1\">Procesos de mutuo acuerdo.<\/span><\/li><li class=\"p1\"><span class=\"s1\">Procesos de modificaci\u00f3n de medidas.<\/span><\/li><li class=\"p1\"><span class=\"s1\">Guarda y custodia y r\u00e9gimen de visitas.<\/span><\/li><li class=\"p1\"><span class=\"s1\">Guarda y custodia compartida.<\/span><\/li><li class=\"p1\"><span class=\"s1\">R\u00e9gimen de visitas en favor de los abuelos.<\/span><\/li><li class=\"p1\"><span class=\"s1\">Pensiones de alimentos.<\/span><\/li><li class=\"p1\"><span class=\"s1\">Reclamaci\u00f3n de pensiones de alimentos y compensatoria<\/span><\/li><li class=\"p1\"><span class=\"s1\">Privaci\u00f3n de la patria potestad.<\/span><\/li><li class=\"p1\"><span class=\"s1\">Liquidaci\u00f3n de la sociedad de gananciales.<\/span><\/li><li class=\"p1\"><span class=\"s1\">Capitulaciones matrimoniales.<\/span><\/li><li class=\"p1\"><span class=\"s1\">Procesos de incapacitaci\u00f3n: tutela y curatela.<\/span><\/li><\/ul><p class=\"p1\"><strong><span class=\"s1\">Razones para contratarnos en los procesos de divorcio y de familia:<\/span><\/strong><\/p><ul><li class=\"p1\"><span class=\"s1\">Experiencia acreditada y profesionalidad desde hace mas de 25 a\u00f1os.<\/span><\/li><li class=\"p1\"><span class=\"s1\">Presupuesto previo y cerrado que le permita conocer de antemano el coste completo del proceso.\u00a0<\/span><\/li><li class=\"p1\"><span class=\"s1\">Informaci\u00f3n continua utilizando las nuevas tecnolog\u00edas. El cliente tendr\u00e1 acceso a los documentos m\u00e1s relevantes de su expediente y podr\u00e1 consultar el estado de su expediente en cualquier momento y lugar.<\/span><\/li><\/ul>\t\t\t\t\t\t\t\t<\/div>\n\t\t\t\t<\/div>\n\t\t\t\t\t<\/div>\n\t\t<\/div>\n\t\t\t\t\t<\/div>\n\t\t<\/section>\n\t\t\t\t<section class=\"elementor-section elementor-top-section elementor-element elementor-element-c58dcf0 elementor-section-boxed elementor-section-height-default elementor-section-height-default\" data-id=\"c58dcf0\" data-element_type=\"section\" data-e-type=\"section\">\n\t\t\t\t\t\t<div class=\"elementor-container elementor-column-gap-default\">\n\t\t\t\t\t<div class=\"elementor-column elementor-col-100 elementor-top-column elementor-element elementor-element-6cf99ca\" data-id=\"6cf99ca\" data-element_type=\"column\" data-e-type=\"column\">\n\t\t\t<div class=\"elementor-widget-wrap elementor-element-populated\">\n\t\t\t\t\t\t<div class=\"elementor-element elementor-element-ae835a9 elementor-align-center elementor-widget elementor-widget-button\" data-id=\"ae835a9\" data-element_type=\"widget\" data-e-type=\"widget\" roll=\"buttom\" data-widget_type=\"button.default\">\n\t\t\t\t<div class=\"elementor-widget-container\">\n\t\t\t\t\t\t\t\t\t<div class=\"elementor-button-wrapper\">\n\t\t\t\t\t<a class=\"elementor-button elementor-button-link elementor-size-lg\" href=\"https:\/\/www.abbotasabogados.com\/en\/contacto\/\">\n\t\t\t\t\t\t<span class=\"elementor-button-content-wrapper\">\n\t\t\t\t\t\t\t\t\t<span class=\"elementor-button-text\">More information...<\/span>\n\t\t\t\t\t<\/span>\n\t\t\t\t\t<\/a>\n\t\t\t\t<\/div>\n\t\t\t\t\t\t\t\t<\/div>\n\t\t\t\t<\/div>\n\t\t\t\t\t<\/div>\n\t\t<\/div>\n\t\t\t\t\t<\/div>\n\t\t<\/section>\n\t\t\t\t<\/div>","protected":false},"excerpt":{"rendered":"<p>Familia Divorcios y separaciones, tanto contenciosos como de mutuo acuerdo \/ Medidas paterno filiales \/ Reclamaci\u00f3n de pensi\u00f3n de alimentos \/ Modificaci\u00f3n de medidas \/ Procedimientos de filiaci\u00f3n, paternidad y maternidad \/ Liquidaci\u00f3n de sociedad de gananciales \/ entre otros. Podemos prestarle asesoramiento integral en los procesos de familia. Estos son algunos de nuestros servicios [&hellip;]<\/p>\n","protected":false},"author":4,"featured_media":1157,"parent":0,"menu_order":9,"comment_status":"closed","ping_status":"closed","template":"","meta":{"_joinchat":[],"footnotes":""},"class_list":["post-1476","page","type-page","status-publish","has-post-thumbnail","hentry"],"yoast_head":"<!-- This site is optimized with the Yoast SEO plugin v27.4 - https:\/\/yoast.com\/product\/yoast-seo-wordpress\/ -->\n<title>Derecho de familia | AB Botas Abogados<\/title>\n<meta name=\"description\" content=\"AB Botas Abogados, tu despacho de abogados en Oviedo, te ofrece servicios legales especializados en una variedad de \u00e1reas, incluyendo derecho civil, derecho de familia, bancario, tarjetas revolving, hipoteca multidivisa...\" \/>\n<meta name=\"robots\" content=\"index, follow, max-snippet:-1, max-image-preview:large, max-video-preview:-1\" \/>\n<link rel=\"canonical\" href=\"https:\/\/www.abbotasabogados.com\/en\/civil-law-3\/\" \/>\n<meta property=\"og:locale\" content=\"en_US\" \/>\n<meta property=\"og:type\" content=\"article\" \/>\n<meta property=\"og:title\" content=\"Derecho de familia | AB Botas Abogados\" \/>\n<meta property=\"og:description\" content=\"AB Botas Abogados, tu despacho de abogados en Oviedo, te ofrece servicios legales especializados en una variedad de \u00e1reas, incluyendo derecho civil, derecho de familia, bancario, tarjetas revolving, hipoteca multidivisa...\" \/>\n<meta property=\"og:url\" content=\"https:\/\/www.abbotasabogados.com\/en\/civil-law-3\/\" \/>\n<meta property=\"og:site_name\" content=\"AB Botas Abogados\" \/>\n<meta property=\"article:modified_time\" content=\"2023-11-09T12:09:22+00:00\" \/>\n<meta property=\"og:image\" content=\"https:\/\/www.abbotasabogados.com\/wp-content\/uploads\/2023\/09\/abbotasabogados-0056.jpeg\" \/>\n\t<meta property=\"og:image:width\" content=\"1920\" \/>\n\t<meta property=\"og:image:height\" content=\"1280\" \/>\n\t<meta property=\"og:image:type\" content=\"image\/jpeg\" \/>\n<meta name=\"twitter:card\" content=\"summary_large_image\" \/>\n<script type=\"application\/ld+json\" class=\"yoast-schema-graph\">{\"@context\":\"https:\\\/\\\/schema.org\",\"@graph\":[{\"@type\":\"WebPage\",\"@id\":\"https:\\\/\\\/www.abbotasabogados.com\\\/derecho-de-familia\\\/\",\"url\":\"https:\\\/\\\/www.abbotasabogados.com\\\/derecho-de-familia\\\/\",\"name\":\"Derecho de familia | AB Botas Abogados\",\"isPartOf\":{\"@id\":\"https:\\\/\\\/www.abbotasabogados.com\\\/#website\"},\"primaryImageOfPage\":{\"@id\":\"https:\\\/\\\/www.abbotasabogados.com\\\/derecho-de-familia\\\/#primaryimage\"},\"image\":{\"@id\":\"https:\\\/\\\/www.abbotasabogados.com\\\/derecho-de-familia\\\/#primaryimage\"},\"thumbnailUrl\":\"https:\\\/\\\/www.abbotasabogados.com\\\/wp-content\\\/uploads\\\/2023\\\/09\\\/abbotasabogados-0056.jpeg\",\"datePublished\":\"2023-11-09T11:13:43+00:00\",\"dateModified\":\"2023-11-09T12:09:22+00:00\",\"description\":\"AB Botas Abogados, tu despacho de abogados en Oviedo, te ofrece servicios legales especializados en una variedad de \u00e1reas, incluyendo derecho civil, derecho de familia, bancario, tarjetas revolving, hipoteca multidivisa...\",\"breadcrumb\":{\"@id\":\"https:\\\/\\\/www.abbotasabogados.com\\\/derecho-de-familia\\\/#breadcrumb\"},\"inLanguage\":\"en-US\",\"potentialAction\":[{\"@type\":\"ReadAction\",\"target\":[\"https:\\\/\\\/www.abbotasabogados.com\\\/derecho-de-familia\\\/\"]}]},{\"@type\":\"ImageObject\",\"inLanguage\":\"en-US\",\"@id\":\"https:\\\/\\\/www.abbotasabogados.com\\\/derecho-de-familia\\\/#primaryimage\",\"url\":\"https:\\\/\\\/www.abbotasabogados.com\\\/wp-content\\\/uploads\\\/2023\\\/09\\\/abbotasabogados-0056.jpeg\",\"contentUrl\":\"https:\\\/\\\/www.abbotasabogados.com\\\/wp-content\\\/uploads\\\/2023\\\/09\\\/abbotasabogados-0056.jpeg\",\"width\":1920,\"height\":1280,\"caption\":\"Meeting and greeting concept, Two confident Business handshake and business people after discussing good deal of Trading contract and new projects for both companies, success, partnership, co worker.\"},{\"@type\":\"BreadcrumbList\",\"@id\":\"https:\\\/\\\/www.abbotasabogados.com\\\/derecho-de-familia\\\/#breadcrumb\",\"itemListElement\":[{\"@type\":\"ListItem\",\"position\":1,\"name\":\"Inicio\",\"item\":\"https:\\\/\\\/www.abbotasabogados.com\\\/\"},{\"@type\":\"ListItem\",\"position\":2,\"name\":\"Derecho de familia\"}]},{\"@type\":\"WebSite\",\"@id\":\"https:\\\/\\\/www.abbotasabogados.com\\\/#website\",\"url\":\"https:\\\/\\\/www.abbotasabogados.com\\\/\",\"name\":\"AB Botas Abogados\",\"description\":\"Tu abogado de confianza en Asturias\",\"publisher\":{\"@id\":\"https:\\\/\\\/www.abbotasabogados.com\\\/#organization\"},\"potentialAction\":[{\"@type\":\"SearchAction\",\"target\":{\"@type\":\"EntryPoint\",\"urlTemplate\":\"https:\\\/\\\/www.abbotasabogados.com\\\/?s={search_term_string}\"},\"query-input\":{\"@type\":\"PropertyValueSpecification\",\"valueRequired\":true,\"valueName\":\"search_term_string\"}}],\"inLanguage\":\"en-US\"},{\"@type\":\"Organization\",\"@id\":\"https:\\\/\\\/www.abbotasabogados.com\\\/#organization\",\"name\":\"AB Botas Abogados\",\"url\":\"https:\\\/\\\/www.abbotasabogados.com\\\/\",\"logo\":{\"@type\":\"ImageObject\",\"inLanguage\":\"en-US\",\"@id\":\"https:\\\/\\\/www.abbotasabogados.com\\\/#\\\/schema\\\/logo\\\/image\\\/\",\"url\":\"https:\\\/\\\/www.abbotasabogados.com\\\/wp-content\\\/uploads\\\/2023\\\/03\\\/logo.png\",\"contentUrl\":\"https:\\\/\\\/www.abbotasabogados.com\\\/wp-content\\\/uploads\\\/2023\\\/03\\\/logo.png\",\"width\":1920,\"height\":1267,\"caption\":\"AB Botas Abogados\"},\"image\":{\"@id\":\"https:\\\/\\\/www.abbotasabogados.com\\\/#\\\/schema\\\/logo\\\/image\\\/\"}}]}<\/script>\n<!-- \/ Yoast SEO plugin. -->","yoast_head_json":{"title":"Derecho de familia | AB Botas Abogados","description":"AB Botas Abogados, your law firm in Oviedo, offers you specialized legal services in a variety of areas, including civil law, family law, banking, revolving cards, multi-currency mortgages...","robots":{"index":"index","follow":"follow","max-snippet":"max-snippet:-1","max-image-preview":"max-image-preview:large","max-video-preview":"max-video-preview:-1"},"canonical":"https:\/\/www.abbotasabogados.com\/en\/civil-law-3\/","og_locale":"en_US","og_type":"article","og_title":"Derecho de familia | AB Botas Abogados","og_description":"AB Botas Abogados, tu despacho de abogados en Oviedo, te ofrece servicios legales especializados en una variedad de \u00e1reas, incluyendo derecho civil, derecho de familia, bancario, tarjetas revolving, hipoteca multidivisa...","og_url":"https:\/\/www.abbotasabogados.com\/en\/civil-law-3\/","og_site_name":"AB Botas Abogados","article_modified_time":"2023-11-09T12:09:22+00:00","og_image":[{"width":1920,"height":1280,"url":"https:\/\/www.abbotasabogados.com\/wp-content\/uploads\/2023\/09\/abbotasabogados-0056.jpeg","type":"image\/jpeg"}],"twitter_card":"summary_large_image","schema":{"@context":"https:\/\/schema.org","@graph":[{"@type":"WebPage","@id":"https:\/\/www.abbotasabogados.com\/derecho-de-familia\/","url":"https:\/\/www.abbotasabogados.com\/derecho-de-familia\/","name":"Derecho de familia | AB Botas Abogados","isPartOf":{"@id":"https:\/\/www.abbotasabogados.com\/#website"},"primaryImageOfPage":{"@id":"https:\/\/www.abbotasabogados.com\/derecho-de-familia\/#primaryimage"},"image":{"@id":"https:\/\/www.abbotasabogados.com\/derecho-de-familia\/#primaryimage"},"thumbnailUrl":"https:\/\/www.abbotasabogados.com\/wp-content\/uploads\/2023\/09\/abbotasabogados-0056.jpeg","datePublished":"2023-11-09T11:13:43+00:00","dateModified":"2023-11-09T12:09:22+00:00","description":"AB Botas Abogados, your law firm in Oviedo, offers you specialized legal services in a variety of areas, including civil law, family law, banking, revolving cards, multi-currency mortgages...","breadcrumb":{"@id":"https:\/\/www.abbotasabogados.com\/derecho-de-familia\/#breadcrumb"},"inLanguage":"en-US","potentialAction":[{"@type":"ReadAction","target":["https:\/\/www.abbotasabogados.com\/derecho-de-familia\/"]}]},{"@type":"ImageObject","inLanguage":"en-US","@id":"https:\/\/www.abbotasabogados.com\/derecho-de-familia\/#primaryimage","url":"https:\/\/www.abbotasabogados.com\/wp-content\/uploads\/2023\/09\/abbotasabogados-0056.jpeg","contentUrl":"https:\/\/www.abbotasabogados.com\/wp-content\/uploads\/2023\/09\/abbotasabogados-0056.jpeg","width":1920,"height":1280,"caption":"Meeting and greeting concept, Two confident Business handshake and business people after discussing good deal of Trading contract and new projects for both companies, success, partnership, co worker."},{"@type":"BreadcrumbList","@id":"https:\/\/www.abbotasabogados.com\/derecho-de-familia\/#breadcrumb","itemListElement":[{"@type":"ListItem","position":1,"name":"Inicio","item":"https:\/\/www.abbotasabogados.com\/"},{"@type":"ListItem","position":2,"name":"Derecho de familia"}]},{"@type":"WebSite","@id":"https:\/\/www.abbotasabogados.com\/#website","url":"https:\/\/www.abbotasabogados.com\/","name":"AB Boots Lawyers","description":"Your trusted lawyer in Asturias","publisher":{"@id":"https:\/\/www.abbotasabogados.com\/#organization"},"potentialAction":[{"@type":"SearchAction","target":{"@type":"EntryPoint","urlTemplate":"https:\/\/www.abbotasabogados.com\/?s={search_term_string}"},"query-input":{"@type":"PropertyValueSpecification","valueRequired":true,"valueName":"search_term_string"}}],"inLanguage":"en-US"},{"@type":"Organization","@id":"https:\/\/www.abbotasabogados.com\/#organization","name":"AB Boots Lawyers","url":"https:\/\/www.abbotasabogados.com\/","logo":{"@type":"ImageObject","inLanguage":"en-US","@id":"https:\/\/www.abbotasabogados.com\/#\/schema\/logo\/image\/","url":"https:\/\/www.abbotasabogados.com\/wp-content\/uploads\/2023\/03\/logo.png","contentUrl":"https:\/\/www.abbotasabogados.com\/wp-content\/uploads\/2023\/03\/logo.png","width":1920,"height":1267,"caption":"AB Botas Abogados"},"image":{"@id":"https:\/\/www.abbotasabogados.com\/#\/schema\/logo\/image\/"}}]}},"_links":{"self":[{"href":"https:\/\/www.abbotasabogados.com\/en\/wp-json\/wp\/v2\/pages\/1476","targetHints":{"allow":["GET"]}}],"collection":[{"href":"https:\/\/www.abbotasabogados.com\/en\/wp-json\/wp\/v2\/pages"}],"about":[{"href":"https:\/\/www.abbotasabogados.com\/en\/wp-json\/wp\/v2\/types\/page"}],"author":[{"embeddable":true,"href":"https:\/\/www.abbotasabogados.com\/en\/wp-json\/wp\/v2\/users\/4"}],"replies":[{"embeddable":true,"href":"https:\/\/www.abbotasabogados.com\/en\/wp-json\/wp\/v2\/comments?post=1476"}],"version-history":[{"count":5,"href":"https:\/\/www.abbotasabogados.com\/en\/wp-json\/wp\/v2\/pages\/1476\/revisions"}],"predecessor-version":[{"id":1489,"href":"https:\/\/www.abbotasabogados.com\/en\/wp-json\/wp\/v2\/pages\/1476\/revisions\/1489"}],"wp:featuredmedia":[{"embeddable":true,"href":"https:\/\/www.abbotasabogados.com\/en\/wp-json\/wp\/v2\/media\/1157"}],"wp:attachment":[{"href":"https:\/\/www.abbotasabogados.com\/en\/wp-json\/wp\/v2\/media?parent=1476"}],"curies":[{"name":"wp","href":"https:\/\/api.w.org\/{rel}","templated":true}]}}