{"id":1490,"date":"2023-11-09T12:18:17","date_gmt":"2023-11-09T11:18:17","guid":{"rendered":"https:\/\/www.abbotasabogados.com\/?page_id=1490"},"modified":"2023-11-09T13:07:05","modified_gmt":"2023-11-09T12:07:05","slug":"zivilrecht-5","status":"publish","type":"page","link":"https:\/\/www.abbotasabogados.com\/de\/herencias\/","title":{"rendered":"Erbschaften"},"content":{"rendered":"<div data-elementor-type=\"wp-page\" data-elementor-id=\"1490\" class=\"elementor elementor-1490\" data-elementor-post-type=\"page\">\n\t\t\t\t\t\t<section class=\"elementor-section elementor-top-section elementor-element elementor-element-55d4d01 elementor-section-boxed elementor-section-height-default elementor-section-height-default\" data-id=\"55d4d01\" data-element_type=\"section\" data-e-type=\"section\">\n\t\t\t\t\t\t<div class=\"elementor-container elementor-column-gap-no\">\n\t\t\t\t\t<div class=\"elementor-column elementor-col-50 elementor-top-column elementor-element elementor-element-a3ef011\" data-id=\"a3ef011\" data-element_type=\"column\" data-e-type=\"column\">\n\t\t\t<div class=\"elementor-widget-wrap elementor-element-populated\">\n\t\t\t\t\t\t<div class=\"elementor-element elementor-element-038b264 elementor-view-framed elementor-shape-circle elementor-position-block-start elementor-mobile-position-block-start elementor-widget elementor-widget-icon-box\" data-id=\"038b264\" data-element_type=\"widget\" data-e-type=\"widget\" data-widget_type=\"icon-box.default\">\n\t\t\t\t<div class=\"elementor-widget-container\">\n\t\t\t\t\t\t\t<div class=\"elementor-icon-box-wrapper\">\n\n\t\t\t\t\t\t<div class=\"elementor-icon-box-icon\">\n\t\t\t\t<span  class=\"elementor-icon\">\n\t\t\t\t<i aria-hidden=\"true\" class=\"far fa-file\"><\/i>\t\t\t\t<\/span>\n\t\t\t<\/div>\n\t\t\t\n\t\t\t\t\t\t<div class=\"elementor-icon-box-content\">\n\n\t\t\t\t\t\t\t\t\t<h2 class=\"elementor-icon-box-title\">\n\t\t\t\t\t\t<span  >\n\t\t\t\t\t\t\tErbschaften\t\t\t\t\t\t<\/span>\n\t\t\t\t\t<\/h2>\n\t\t\t\t\n\t\t\t\t\t\t\t\t\t<p class=\"elementor-icon-box-description\">\n\t\t\t\t\t\tivisi\u00f3n judicial de herencia \/ Declaraci\u00f3n de herederos \/ Aceptaci\u00f3n y adjudicaci\u00f3n (total o parcial) de herencia \/ Impuesto de sucesiones \/ Impugnaci\u00f3n de testamento \/ entre otros.\t\t\t\t\t<\/p>\n\t\t\t\t\n\t\t\t<\/div>\n\t\t\t\n\t\t<\/div>\n\t\t\t\t\t\t<\/div>\n\t\t\t\t<\/div>\n\t\t\t\t\t<\/div>\n\t\t<\/div>\n\t\t\t\t<div class=\"elementor-column elementor-col-50 elementor-top-column elementor-element elementor-element-80f3f59\" data-id=\"80f3f59\" data-element_type=\"column\" data-e-type=\"column\">\n\t\t\t<div class=\"elementor-widget-wrap elementor-element-populated\">\n\t\t\t\t\t\t<div class=\"elementor-element elementor-element-83514ad elementor-widget elementor-widget-image\" data-id=\"83514ad\" data-element_type=\"widget\" data-e-type=\"widget\" data-widget_type=\"image.default\">\n\t\t\t\t<div class=\"elementor-widget-container\">\n\t\t\t\t\t\t\t\t\t\t\t\t\t\t\t<img fetchpriority=\"high\" decoding=\"async\" width=\"800\" height=\"534\" src=\"https:\/\/www.abbotasabogados.com\/wp-content\/uploads\/2023\/09\/abbotasabogados-0061-1024x683.jpeg\" class=\"attachment-large size-large wp-image-1162\" alt=\"\" srcset=\"https:\/\/www.abbotasabogados.com\/wp-content\/uploads\/2023\/09\/abbotasabogados-0061-1024x683.jpeg 1024w, https:\/\/www.abbotasabogados.com\/wp-content\/uploads\/2023\/09\/abbotasabogados-0061-300x200.jpeg 300w, https:\/\/www.abbotasabogados.com\/wp-content\/uploads\/2023\/09\/abbotasabogados-0061-768x512.jpeg 768w, https:\/\/www.abbotasabogados.com\/wp-content\/uploads\/2023\/09\/abbotasabogados-0061-1536x1024.jpeg 1536w, https:\/\/www.abbotasabogados.com\/wp-content\/uploads\/2023\/09\/abbotasabogados-0061-18x12.jpeg 18w, https:\/\/www.abbotasabogados.com\/wp-content\/uploads\/2023\/09\/abbotasabogados-0061.jpeg 1920w\" sizes=\"(max-width: 800px) 100vw, 800px\" \/>\t\t\t\t\t\t\t\t\t\t\t\t\t\t\t<\/div>\n\t\t\t\t<\/div>\n\t\t\t\t\t<\/div>\n\t\t<\/div>\n\t\t\t\t\t<\/div>\n\t\t<\/section>\n\t\t\t\t<section class=\"elementor-section elementor-top-section elementor-element elementor-element-b6e91e6 elementor-section-boxed elementor-section-height-default elementor-section-height-default\" data-id=\"b6e91e6\" data-element_type=\"section\" data-e-type=\"section\">\n\t\t\t\t\t\t<div class=\"elementor-container elementor-column-gap-default\">\n\t\t\t\t\t<div class=\"elementor-column elementor-col-100 elementor-top-column elementor-element elementor-element-cff6c00\" data-id=\"cff6c00\" data-element_type=\"column\" data-e-type=\"column\">\n\t\t\t<div class=\"elementor-widget-wrap elementor-element-populated\">\n\t\t\t\t\t\t<div class=\"elementor-element elementor-element-9976981 elementor-widget elementor-widget-text-editor\" data-id=\"9976981\" data-element_type=\"widget\" data-e-type=\"widget\" data-widget_type=\"text-editor.default\">\n\t\t\t\t<div class=\"elementor-widget-container\">\n\t\t\t\t\t\t\t\t\t<p><strong>Estos son los servicios que prestamos en materia de sucesiones y herencias.<\/strong><\/p><p>\u00a0<\/p><ul><li>Planificaci\u00f3n del testamento.<\/li><li>Juicios de divisi\u00f3n de herencia.<\/li><li>Particiones extrajudiciales de herencia.<\/li><li>Declaraci\u00f3n de herederos.<\/li><li>Reclamaci\u00f3n de reintegro de bienes.<\/li><li>Inscripci\u00f3n de bienes en el Registro de la Propiedad.<\/li><li>Divisi\u00f3n de cosa com\u00fan.<\/li><li>Impugnaci\u00f3n y nulidad de testamentos.<\/li><li>Impugnaci\u00f3n de desheredaciones.<\/li><\/ul>\t\t\t\t\t\t\t\t<\/div>\n\t\t\t\t<\/div>\n\t\t\t\t\t<\/div>\n\t\t<\/div>\n\t\t\t\t\t<\/div>\n\t\t<\/section>\n\t\t\t\t<section class=\"elementor-section elementor-top-section elementor-element elementor-element-c58dcf0 elementor-section-boxed elementor-section-height-default elementor-section-height-default\" data-id=\"c58dcf0\" data-element_type=\"section\" data-e-type=\"section\">\n\t\t\t\t\t\t<div class=\"elementor-container elementor-column-gap-default\">\n\t\t\t\t\t<div class=\"elementor-column elementor-col-100 elementor-top-column elementor-element elementor-element-6cf99ca\" data-id=\"6cf99ca\" data-element_type=\"column\" data-e-type=\"column\">\n\t\t\t<div class=\"elementor-widget-wrap elementor-element-populated\">\n\t\t\t\t\t\t<div class=\"elementor-element elementor-element-ae835a9 elementor-align-center elementor-widget elementor-widget-button\" data-id=\"ae835a9\" data-element_type=\"widget\" data-e-type=\"widget\" roll=\"buttom\" data-widget_type=\"button.default\">\n\t\t\t\t<div class=\"elementor-widget-container\">\n\t\t\t\t\t\t\t\t\t<div class=\"elementor-button-wrapper\">\n\t\t\t\t\t<a class=\"elementor-button elementor-button-link elementor-size-lg\" href=\"https:\/\/www.abbotasabogados.com\/de\/contacto\/\">\n\t\t\t\t\t\t<span class=\"elementor-button-content-wrapper\">\n\t\t\t\t\t\t\t\t\t<span class=\"elementor-button-text\">Mehr Informationen...<\/span>\n\t\t\t\t\t<\/span>\n\t\t\t\t\t<\/a>\n\t\t\t\t<\/div>\n\t\t\t\t\t\t\t\t<\/div>\n\t\t\t\t<\/div>\n\t\t\t\t\t<\/div>\n\t\t<\/div>\n\t\t\t\t\t<\/div>\n\t\t<\/section>\n\t\t\t\t<\/div>","protected":false},"excerpt":{"rendered":"<p>Herencias ivisi\u00f3n judicial de herencia \/ Declaraci\u00f3n de herederos \/ Aceptaci\u00f3n y adjudicaci\u00f3n (total o parcial) de herencia \/ Impuesto de sucesiones \/ Impugnaci\u00f3n de testamento \/ entre otros. Estos son los servicios que prestamos en materia de sucesiones y herencias. \u00a0 Planificaci\u00f3n del testamento. Juicios de divisi\u00f3n de herencia. Particiones extrajudiciales de herencia. Declaraci\u00f3n [&hellip;]<\/p>\n","protected":false},"author":4,"featured_media":1157,"parent":0,"menu_order":6,"comment_status":"closed","ping_status":"closed","template":"","meta":{"_joinchat":[],"footnotes":""},"class_list":["post-1490","page","type-page","status-publish","has-post-thumbnail","hentry"],"yoast_head":"<!-- This site is optimized with the Yoast SEO plugin v27.4 - https:\/\/yoast.com\/product\/yoast-seo-wordpress\/ -->\n<title>Herencias | AB Botas Abogados<\/title>\n<meta name=\"description\" content=\"AB Botas Abogados, tu despacho de abogados en Oviedo, te ofrece servicios legales especializados en una variedad de \u00e1reas, incluyendo derecho civil, derecho de familia, bancario, tarjetas revolving, hipoteca multidivisa....\" \/>\n<meta name=\"robots\" content=\"index, follow, max-snippet:-1, max-image-preview:large, max-video-preview:-1\" \/>\n<link rel=\"canonical\" href=\"https:\/\/www.abbotasabogados.com\/de\/zivilrecht-5\/\" \/>\n<meta property=\"og:locale\" content=\"de_DE\" \/>\n<meta property=\"og:type\" content=\"article\" \/>\n<meta property=\"og:title\" content=\"Herencias | AB Botas Abogados\" \/>\n<meta property=\"og:description\" content=\"AB Botas Abogados, tu despacho de abogados en Oviedo, te ofrece servicios legales especializados en una variedad de \u00e1reas, incluyendo derecho civil, derecho de familia, bancario, tarjetas revolving, hipoteca multidivisa....\" \/>\n<meta property=\"og:url\" content=\"https:\/\/www.abbotasabogados.com\/de\/zivilrecht-5\/\" \/>\n<meta property=\"og:site_name\" content=\"AB Botas Abogados\" \/>\n<meta property=\"article:modified_time\" content=\"2023-11-09T12:07:05+00:00\" \/>\n<meta property=\"og:image\" content=\"https:\/\/www.abbotasabogados.com\/wp-content\/uploads\/2023\/09\/abbotasabogados-0056.jpeg\" \/>\n\t<meta property=\"og:image:width\" content=\"1920\" \/>\n\t<meta property=\"og:image:height\" content=\"1280\" \/>\n\t<meta property=\"og:image:type\" content=\"image\/jpeg\" \/>\n<meta name=\"twitter:card\" content=\"summary_large_image\" \/>\n<script type=\"application\/ld+json\" class=\"yoast-schema-graph\">{\"@context\":\"https:\\\/\\\/schema.org\",\"@graph\":[{\"@type\":\"WebPage\",\"@id\":\"https:\\\/\\\/www.abbotasabogados.com\\\/herencias\\\/\",\"url\":\"https:\\\/\\\/www.abbotasabogados.com\\\/herencias\\\/\",\"name\":\"Herencias | AB Botas Abogados\",\"isPartOf\":{\"@id\":\"https:\\\/\\\/www.abbotasabogados.com\\\/#website\"},\"primaryImageOfPage\":{\"@id\":\"https:\\\/\\\/www.abbotasabogados.com\\\/herencias\\\/#primaryimage\"},\"image\":{\"@id\":\"https:\\\/\\\/www.abbotasabogados.com\\\/herencias\\\/#primaryimage\"},\"thumbnailUrl\":\"https:\\\/\\\/www.abbotasabogados.com\\\/wp-content\\\/uploads\\\/2023\\\/09\\\/abbotasabogados-0056.jpeg\",\"datePublished\":\"2023-11-09T11:18:17+00:00\",\"dateModified\":\"2023-11-09T12:07:05+00:00\",\"description\":\"AB Botas Abogados, tu despacho de abogados en Oviedo, te ofrece servicios legales especializados en una variedad de \u00e1reas, incluyendo derecho civil, derecho de familia, bancario, tarjetas revolving, hipoteca multidivisa....\",\"breadcrumb\":{\"@id\":\"https:\\\/\\\/www.abbotasabogados.com\\\/herencias\\\/#breadcrumb\"},\"inLanguage\":\"de\",\"potentialAction\":[{\"@type\":\"ReadAction\",\"target\":[\"https:\\\/\\\/www.abbotasabogados.com\\\/herencias\\\/\"]}]},{\"@type\":\"ImageObject\",\"inLanguage\":\"de\",\"@id\":\"https:\\\/\\\/www.abbotasabogados.com\\\/herencias\\\/#primaryimage\",\"url\":\"https:\\\/\\\/www.abbotasabogados.com\\\/wp-content\\\/uploads\\\/2023\\\/09\\\/abbotasabogados-0056.jpeg\",\"contentUrl\":\"https:\\\/\\\/www.abbotasabogados.com\\\/wp-content\\\/uploads\\\/2023\\\/09\\\/abbotasabogados-0056.jpeg\",\"width\":1920,\"height\":1280,\"caption\":\"Meeting and greeting concept, Two confident Business handshake and business people after discussing good deal of Trading contract and new projects for both companies, success, partnership, co worker.\"},{\"@type\":\"BreadcrumbList\",\"@id\":\"https:\\\/\\\/www.abbotasabogados.com\\\/herencias\\\/#breadcrumb\",\"itemListElement\":[{\"@type\":\"ListItem\",\"position\":1,\"name\":\"Inicio\",\"item\":\"https:\\\/\\\/www.abbotasabogados.com\\\/\"},{\"@type\":\"ListItem\",\"position\":2,\"name\":\"Herencias\"}]},{\"@type\":\"WebSite\",\"@id\":\"https:\\\/\\\/www.abbotasabogados.com\\\/#website\",\"url\":\"https:\\\/\\\/www.abbotasabogados.com\\\/\",\"name\":\"AB Botas Abogados\",\"description\":\"Tu abogado de confianza en Asturias\",\"publisher\":{\"@id\":\"https:\\\/\\\/www.abbotasabogados.com\\\/#organization\"},\"potentialAction\":[{\"@type\":\"SearchAction\",\"target\":{\"@type\":\"EntryPoint\",\"urlTemplate\":\"https:\\\/\\\/www.abbotasabogados.com\\\/?s={search_term_string}\"},\"query-input\":{\"@type\":\"PropertyValueSpecification\",\"valueRequired\":true,\"valueName\":\"search_term_string\"}}],\"inLanguage\":\"de\"},{\"@type\":\"Organization\",\"@id\":\"https:\\\/\\\/www.abbotasabogados.com\\\/#organization\",\"name\":\"AB Botas Abogados\",\"url\":\"https:\\\/\\\/www.abbotasabogados.com\\\/\",\"logo\":{\"@type\":\"ImageObject\",\"inLanguage\":\"de\",\"@id\":\"https:\\\/\\\/www.abbotasabogados.com\\\/#\\\/schema\\\/logo\\\/image\\\/\",\"url\":\"https:\\\/\\\/www.abbotasabogados.com\\\/wp-content\\\/uploads\\\/2023\\\/03\\\/logo.png\",\"contentUrl\":\"https:\\\/\\\/www.abbotasabogados.com\\\/wp-content\\\/uploads\\\/2023\\\/03\\\/logo.png\",\"width\":1920,\"height\":1267,\"caption\":\"AB Botas Abogados\"},\"image\":{\"@id\":\"https:\\\/\\\/www.abbotasabogados.com\\\/#\\\/schema\\\/logo\\\/image\\\/\"}}]}<\/script>\n<!-- \/ Yoast SEO plugin. -->","yoast_head_json":{"title":"Herencias | AB Botas Abogados","description":"AB Botas Abogados, Ihre Anwaltskanzlei in Oviedo, bietet Ihnen spezialisierte Rechtsdienstleistungen in einer Vielzahl von Bereichen, darunter Zivilrecht, Familienrecht, Bankwesen, revolvierende Karten, Hypotheken in mehreren W\u00e4hrungen ...","robots":{"index":"index","follow":"follow","max-snippet":"max-snippet:-1","max-image-preview":"max-image-preview:large","max-video-preview":"max-video-preview:-1"},"canonical":"https:\/\/www.abbotasabogados.com\/de\/zivilrecht-5\/","og_locale":"de_DE","og_type":"article","og_title":"Herencias | AB Botas Abogados","og_description":"AB Botas Abogados, tu despacho de abogados en Oviedo, te ofrece servicios legales especializados en una variedad de \u00e1reas, incluyendo derecho civil, derecho de familia, bancario, tarjetas revolving, hipoteca multidivisa....","og_url":"https:\/\/www.abbotasabogados.com\/de\/zivilrecht-5\/","og_site_name":"AB Botas Abogados","article_modified_time":"2023-11-09T12:07:05+00:00","og_image":[{"width":1920,"height":1280,"url":"https:\/\/www.abbotasabogados.com\/wp-content\/uploads\/2023\/09\/abbotasabogados-0056.jpeg","type":"image\/jpeg"}],"twitter_card":"summary_large_image","schema":{"@context":"https:\/\/schema.org","@graph":[{"@type":"WebPage","@id":"https:\/\/www.abbotasabogados.com\/herencias\/","url":"https:\/\/www.abbotasabogados.com\/herencias\/","name":"Herencias | AB Botas Abogados","isPartOf":{"@id":"https:\/\/www.abbotasabogados.com\/#website"},"primaryImageOfPage":{"@id":"https:\/\/www.abbotasabogados.com\/herencias\/#primaryimage"},"image":{"@id":"https:\/\/www.abbotasabogados.com\/herencias\/#primaryimage"},"thumbnailUrl":"https:\/\/www.abbotasabogados.com\/wp-content\/uploads\/2023\/09\/abbotasabogados-0056.jpeg","datePublished":"2023-11-09T11:18:17+00:00","dateModified":"2023-11-09T12:07:05+00:00","description":"AB Botas Abogados, Ihre Anwaltskanzlei in Oviedo, bietet Ihnen spezialisierte Rechtsdienstleistungen in einer Vielzahl von Bereichen, darunter Zivilrecht, Familienrecht, Bankwesen, revolvierende Karten, Hypotheken in mehreren W\u00e4hrungen ...","breadcrumb":{"@id":"https:\/\/www.abbotasabogados.com\/herencias\/#breadcrumb"},"inLanguage":"de","potentialAction":[{"@type":"ReadAction","target":["https:\/\/www.abbotasabogados.com\/herencias\/"]}]},{"@type":"ImageObject","inLanguage":"de","@id":"https:\/\/www.abbotasabogados.com\/herencias\/#primaryimage","url":"https:\/\/www.abbotasabogados.com\/wp-content\/uploads\/2023\/09\/abbotasabogados-0056.jpeg","contentUrl":"https:\/\/www.abbotasabogados.com\/wp-content\/uploads\/2023\/09\/abbotasabogados-0056.jpeg","width":1920,"height":1280,"caption":"Meeting and greeting concept, Two confident Business handshake and business people after discussing good deal of Trading contract and new projects for both companies, success, partnership, co worker."},{"@type":"BreadcrumbList","@id":"https:\/\/www.abbotasabogados.com\/herencias\/#breadcrumb","itemListElement":[{"@type":"ListItem","position":1,"name":"Inicio","item":"https:\/\/www.abbotasabogados.com\/"},{"@type":"ListItem","position":2,"name":"Herencias"}]},{"@type":"WebSite","@id":"https:\/\/www.abbotasabogados.com\/#website","url":"https:\/\/www.abbotasabogados.com\/","name":"AB Boots Rechtsanw\u00e4lte","description":"Ihr vertrauensw\u00fcrdiger Anwalt in Asturien","publisher":{"@id":"https:\/\/www.abbotasabogados.com\/#organization"},"potentialAction":[{"@type":"SearchAction","target":{"@type":"EntryPoint","urlTemplate":"https:\/\/www.abbotasabogados.com\/?s={search_term_string}"},"query-input":{"@type":"PropertyValueSpecification","valueRequired":true,"valueName":"search_term_string"}}],"inLanguage":"de"},{"@type":"Organization","@id":"https:\/\/www.abbotasabogados.com\/#organization","name":"AB Boots Rechtsanw\u00e4lte","url":"https:\/\/www.abbotasabogados.com\/","logo":{"@type":"ImageObject","inLanguage":"de","@id":"https:\/\/www.abbotasabogados.com\/#\/schema\/logo\/image\/","url":"https:\/\/www.abbotasabogados.com\/wp-content\/uploads\/2023\/03\/logo.png","contentUrl":"https:\/\/www.abbotasabogados.com\/wp-content\/uploads\/2023\/03\/logo.png","width":1920,"height":1267,"caption":"AB Botas Abogados"},"image":{"@id":"https:\/\/www.abbotasabogados.com\/#\/schema\/logo\/image\/"}}]}},"_links":{"self":[{"href":"https:\/\/www.abbotasabogados.com\/de\/wp-json\/wp\/v2\/pages\/1490","targetHints":{"allow":["GET"]}}],"collection":[{"href":"https:\/\/www.abbotasabogados.com\/de\/wp-json\/wp\/v2\/pages"}],"about":[{"href":"https:\/\/www.abbotasabogados.com\/de\/wp-json\/wp\/v2\/types\/page"}],"author":[{"embeddable":true,"href":"https:\/\/www.abbotasabogados.com\/de\/wp-json\/wp\/v2\/users\/4"}],"replies":[{"embeddable":true,"href":"https:\/\/www.abbotasabogados.com\/de\/wp-json\/wp\/v2\/comments?post=1490"}],"version-history":[{"count":5,"href":"https:\/\/www.abbotasabogados.com\/de\/wp-json\/wp\/v2\/pages\/1490\/revisions"}],"predecessor-version":[{"id":1497,"href":"https:\/\/www.abbotasabogados.com\/de\/wp-json\/wp\/v2\/pages\/1490\/revisions\/1497"}],"wp:featuredmedia":[{"embeddable":true,"href":"https:\/\/www.abbotasabogados.com\/de\/wp-json\/wp\/v2\/media\/1157"}],"wp:attachment":[{"href":"https:\/\/www.abbotasabogados.com\/de\/wp-json\/wp\/v2\/media?parent=1490"}],"curies":[{"name":"wp","href":"https:\/\/api.w.org\/{rel}","templated":true}]}}